{"id":4521,"date":"2026-02-20T11:30:54","date_gmt":"2026-02-20T11:30:54","guid":{"rendered":"https:\/\/andydegroat.org\/ccinp\/?page_id=4521"},"modified":"2026-02-23T13:54:56","modified_gmt":"2026-02-23T13:54:56","slug":"fabien-monrose","status":"publish","type":"page","link":"https:\/\/andydegroat.org\/ccinp\/fabien-monrose\/","title":{"rendered":"fabien monrose"},"content":{"rendered":"\t\t<div data-elementor-type=\"wp-page\" data-elementor-id=\"4521\" class=\"elementor elementor-4521\">\n\t\t\t\t\t\t<section class=\"elementor-section elementor-top-section elementor-element elementor-element-d3a4831 elementor-section-full_width elementor-section-height-default elementor-section-height-default\" data-id=\"d3a4831\" data-element_type=\"section\" data-e-type=\"section\">\n\t\t\t\t\t\t<div class=\"elementor-container elementor-column-gap-default\">\n\t\t\t\t\t<div class=\"elementor-column elementor-col-100 elementor-top-column elementor-element elementor-element-41a997a\" data-id=\"41a997a\" data-element_type=\"column\" data-e-type=\"column\">\n\t\t\t<div class=\"elementor-widget-wrap elementor-element-populated\">\n\t\t\t\t\t\t<div class=\"elementor-element elementor-element-0f77cf3 elementor-widget elementor-widget-heading\" data-id=\"0f77cf3\" data-element_type=\"widget\" data-e-type=\"widget\" data-widget_type=\"heading.default\">\n\t\t\t\t<div class=\"elementor-widget-container\">\n\t\t\t\t\t<h2 class=\"elementor-heading-title elementor-size-default\">fabien monrose<\/h2>\t\t\t\t<\/div>\n\t\t\t\t<\/div>\n\t\t\t\t\t<\/div>\n\t\t<\/div>\n\t\t\t\t\t<\/div>\n\t\t<\/section>\n\t\t\t\t<section class=\"elementor-section elementor-top-section elementor-element elementor-element-8202624 elementor-section-full_width elementor-section-stretched elementor-section-height-default elementor-section-height-default\" data-id=\"8202624\" data-element_type=\"section\" data-e-type=\"section\" data-settings=\"{&quot;stretch_section&quot;:&quot;section-stretched&quot;}\">\n\t\t\t\t\t\t<div class=\"elementor-container elementor-column-gap-default\">\n\t\t\t\t\t<div class=\"elementor-column elementor-col-100 elementor-top-column elementor-element elementor-element-c483c05\" data-id=\"c483c05\" data-element_type=\"column\" data-e-type=\"column\">\n\t\t\t<div class=\"elementor-widget-wrap elementor-element-populated\">\n\t\t\t\t\t\t<section class=\"elementor-section elementor-inner-section elementor-element elementor-element-5eb9363 elementor-section-full_width elementor-section-height-default elementor-section-height-default\" data-id=\"5eb9363\" data-element_type=\"section\" data-e-type=\"section\">\n\t\t\t\t\t\t<div class=\"elementor-container elementor-column-gap-default\">\n\t\t\t\t\t<div class=\"elementor-column elementor-col-50 elementor-inner-column elementor-element elementor-element-5b1cc78\" data-id=\"5b1cc78\" data-element_type=\"column\" data-e-type=\"column\">\n\t\t\t<div class=\"elementor-widget-wrap elementor-element-populated\">\n\t\t\t\t\t\t<div class=\"elementor-element elementor-element-e525ec2 elementor-widget__width-initial elementor-widget elementor-widget-image\" data-id=\"e525ec2\" data-element_type=\"widget\" data-e-type=\"widget\" data-widget_type=\"image.default\">\n\t\t\t\t<div class=\"elementor-widget-container\">\n\t\t\t\t\t\t\t\t\t\t\t\t<figure class=\"wp-caption\">\n\t\t\t\t\t\t\t\t\t\t<img fetchpriority=\"high\" decoding=\"async\" width=\"525\" height=\"525\" src=\"https:\/\/andydegroat.org\/ccinp\/wp-content\/uploads\/2026\/02\/\u00a8Portrait-Fabien-e1771502135332.jpg\" class=\"attachment-large size-large wp-image-4412\" alt=\"\" srcset=\"https:\/\/andydegroat.org\/ccinp\/wp-content\/uploads\/2026\/02\/\u00a8Portrait-Fabien-e1771502135332.jpg 525w, https:\/\/andydegroat.org\/ccinp\/wp-content\/uploads\/2026\/02\/\u00a8Portrait-Fabien-e1771502135332-300x300.jpg 300w, https:\/\/andydegroat.org\/ccinp\/wp-content\/uploads\/2026\/02\/\u00a8Portrait-Fabien-e1771502135332-150x150.jpg 150w\" sizes=\"(max-width: 525px) 100vw, 525px\" \/>\t\t\t\t\t\t\t\t\t\t\t<figcaption class=\"widget-image-caption wp-caption-text\"><\/figcaption>\n\t\t\t\t\t\t\t\t\t\t<\/figure>\n\t\t\t\t\t\t\t\t\t<\/div>\n\t\t\t\t<\/div>\n\t\t\t\t\t<\/div>\n\t\t<\/div>\n\t\t\t\t<div class=\"elementor-column elementor-col-50 elementor-inner-column elementor-element elementor-element-f29b565\" data-id=\"f29b565\" data-element_type=\"column\" data-e-type=\"column\">\n\t\t\t<div class=\"elementor-widget-wrap elementor-element-populated\">\n\t\t\t\t\t\t<div class=\"elementor-element elementor-element-9132b55 elementor-widget elementor-widget-text-editor\" data-id=\"9132b55\" data-element_type=\"widget\" data-e-type=\"widget\" data-widget_type=\"text-editor.default\">\n\t\t\t\t<div class=\"elementor-widget-container\">\n\t\t\t\t\t\t\t\t\t<p><a href=\"https:\/\/lestetespenchees.fr\/\" target=\"_blank\" rel=\"noopener nofollow\"><span style=\"font-family: Arial, sans-serif;\">Fabien Monrose <\/span><\/a><\/p><p><span style=\"font-family: Arial, sans-serif;\">suit une formation vari\u00e9e au sein de l\u2019association co2nexions : danse africaine, contemporaine, hip hop, mime\u2026 <br \/>\u00c0 17 ans, il rencontre le travail de Wilfride Piollet et Jean Guizerix.<br \/><br \/>En tant qu\u2019interpr\u00e8te, il participe aux projets d\u2019Andy De Groat, Claudio Basilio, Nathalie Adam, Delphine Demont, Jean Guizerix\u2026 Avec ce dernier, il cr\u00e9e le solo <\/span><em><span style=\"font-family: Arial, sans-serif;\">Pour rien<\/span><\/em><span style=\"font-family: Arial, sans-serif;\">, qu\u2019il interpr\u00e8te dans des th\u00e9\u00e2tres, mus\u00e9es, parcs. Il chor\u00e9graphie le duo <\/span><em><span style=\"font-family: Arial, sans-serif;\">Sur les traces de B.N.<\/span><\/em><span style=\"font-family: Arial, sans-serif;\"> et le trio <\/span><em><span style=\"font-family: Arial, sans-serif;\">55\u2032 \u00e0 l\u2019envers.<\/span><\/em><span style=\"font-family: Arial, sans-serif;\"><br \/><br \/>En 2014, il obtient son dipl\u00f4me de notation du mouvement Benesh au CNSMDP, pour lequel il note <\/span><em><span style=\"font-family: Arial, sans-serif;\">Set and Reset\/Reset<\/span><\/em><span style=\"font-family: Arial, sans-serif;\"> de Trisha Brown, et reconstruit un extrait de <\/span><em><span style=\"font-family: Arial, sans-serif;\">D\u00e9serts<\/span><\/em> <em><span style=\"font-family: Arial, sans-serif;\">d\u2019amour <\/span><\/em><span style=\"font-family: Arial, sans-serif;\">de Dominique Bagouet. Il note <\/span><em><span style=\"font-family: Arial, sans-serif;\">Fan Dance<\/span><\/em><span style=\"font-family: Arial, sans-serif;\"> d\u2019Andy De Groat, <\/span><em><span style=\"font-family: Arial, sans-serif;\">Four Elements <\/span><\/em><span style=\"font-family: Arial, sans-serif;\">et <\/span><em><span style=\"font-family: Arial, sans-serif;\">Canto Ostinato <\/span><\/em><span style=\"font-family: Arial, sans-serif;\">de Lucinda Childs, et transmet des extraits de pi\u00e8ces de Thierry Malandain, Mats Ek, Merce Cunningham\u2026<br \/><br \/>Il m\u00e8ne des projets de sensibilisation \u00e0 la notation Benesh, et propose des ateliers autour du r\u00e9pertoire de la Postmodern Dance am\u00e9ricaine.<br \/><br \/>Cette saison, avec un danseur de la Trisha Brown Dance Company, le notateur Romain Panassi\u00e9, et un groupe d\u2019amateurs, il participe au projet de transmission de <\/span><em><span style=\"font-family: Arial, sans-serif;\">Set and Reset\/Reset<\/span><\/em><span style=\"font-family: Arial, sans-serif;\"> de Trisha Brown.<\/span><\/p><p class=\"texte-(user)\"><span style=\"font-family: Century Gothic, sans-serif;\"><span style=\"font-size: small;\">Il est membre actif du C.C.I.N.P andy de groat depuis la cr\u00e9ation de l\u2019association en 2019.<\/span><\/span><\/p>\t\t\t\t\t\t\t\t<\/div>\n\t\t\t\t<\/div>\n\t\t\t\t\t<\/div>\n\t\t<\/div>\n\t\t\t\t\t<\/div>\n\t\t<\/section>\n\t\t\t\t\t<\/div>\n\t\t<\/div>\n\t\t\t\t\t<\/div>\n\t\t<\/section>\n\t\t\t\t<section class=\"elementor-section elementor-top-section elementor-element elementor-element-f01cdd2 elementor-section-full_width elementor-section-height-default elementor-section-height-default\" data-id=\"f01cdd2\" data-element_type=\"section\" data-e-type=\"section\">\n\t\t\t\t\t\t<div class=\"elementor-container elementor-column-gap-default\">\n\t\t\t\t\t\t<\/div>\n\t\t<\/section>\n\t\t\t\t<section class=\"elementor-section elementor-top-section elementor-element elementor-element-a561c21 elementor-section-boxed elementor-section-height-default elementor-section-height-default\" data-id=\"a561c21\" data-element_type=\"section\" data-e-type=\"section\">\n\t\t\t\t\t\t<div class=\"elementor-container elementor-column-gap-default\">\n\t\t\t\t\t<div class=\"elementor-column elementor-col-50 elementor-top-column elementor-element elementor-element-b64acef\" data-id=\"b64acef\" data-element_type=\"column\" data-e-type=\"column\">\n\t\t\t<div class=\"elementor-widget-wrap\">\n\t\t\t\t\t\t\t<\/div>\n\t\t<\/div>\n\t\t\t\t<div class=\"elementor-column elementor-col-50 elementor-top-column elementor-element elementor-element-cb3d21f\" data-id=\"cb3d21f\" data-element_type=\"column\" data-e-type=\"column\">\n\t\t\t<div class=\"elementor-widget-wrap elementor-element-populated\">\n\t\t\t\t\t\t<div class=\"elementor-element elementor-element-85cfa0e elementor-widget elementor-widget-button\" data-id=\"85cfa0e\" data-element_type=\"widget\" data-e-type=\"widget\" data-widget_type=\"button.default\">\n\t\t\t\t<div class=\"elementor-widget-container\">\n\t\t\t\t\t\t\t\t\t<div class=\"elementor-button-wrapper\">\n\t\t\t\t\t<a class=\"elementor-button elementor-button-link elementor-size-sm\" href=\"https:\/\/andydegroat.org\/ccinp\/biographies-de-lequipe\/\">\n\t\t\t\t\t\t<span class=\"elementor-button-content-wrapper\">\n\t\t\t\t\t\t\t\t\t<span class=\"elementor-button-text\">Retour<\/span>\n\t\t\t\t\t<\/span>\n\t\t\t\t\t<\/a>\n\t\t\t\t<\/div>\n\t\t\t\t\t\t\t\t<\/div>\n\t\t\t\t<\/div>\n\t\t\t\t\t<\/div>\n\t\t<\/div>\n\t\t\t\t\t<\/div>\n\t\t<\/section>\n\t\t\t\t<\/div>\n\t\t","protected":false},"excerpt":{"rendered":"<p>fabien monrose Fabien Monrose suit une formation vari\u00e9e au sein de l\u2019association co2nexions : danse africaine, contemporaine, hip hop, mime\u2026 \u00c0 17 ans, il rencontre le travail de Wilfride Piollet [&hellip;]<\/p>\n","protected":false},"author":1,"featured_media":0,"parent":0,"menu_order":0,"comment_status":"closed","ping_status":"closed","template":"","meta":{"_uag_custom_page_level_css":"","_monsterinsights_skip_tracking":false,"_monsterinsights_sitenote_active":false,"_monsterinsights_sitenote_note":"","_monsterinsights_sitenote_category":0,"site-sidebar-layout":"no-sidebar","site-content-layout":"page-builder","ast-site-content-layout":"full-width-container","site-content-style":"unboxed","site-sidebar-style":"unboxed","ast-global-header-display":"","ast-banner-title-visibility":"","ast-main-header-display":"","ast-hfb-above-header-display":"","ast-hfb-below-header-display":"","ast-hfb-mobile-header-display":"","site-post-title":"disabled","ast-breadcrumbs-content":"","ast-featured-img":"disabled","footer-sml-layout":"","ast-disable-related-posts":"","theme-transparent-header-meta":"default","adv-header-id-meta":"","stick-header-meta":"","header-above-stick-meta":"","header-main-stick-meta":"","header-below-stick-meta":"","astra-migrate-meta-layouts":"set","ast-page-background-enabled":"default","ast-page-background-meta":{"desktop":{"background-color":"var(--ast-global-color-4)","background-image":"","background-repeat":"repeat","background-position":"center center","background-size":"auto","background-attachment":"scroll","background-type":"","background-media":"","overlay-type":"","overlay-color":"","overlay-opacity":"","overlay-gradient":""},"tablet":{"background-color":"","background-image":"","background-repeat":"repeat","background-position":"center center","background-size":"auto","background-attachment":"scroll","background-type":"","background-media":"","overlay-type":"","overlay-color":"","overlay-opacity":"","overlay-gradient":""},"mobile":{"background-color":"","background-image":"","background-repeat":"repeat","background-position":"center center","background-size":"auto","background-attachment":"scroll","background-type":"","background-media":"","overlay-type":"","overlay-color":"","overlay-opacity":"","overlay-gradient":""}},"ast-content-background-meta":{"desktop":{"background-color":"var(--ast-global-color-5)","background-image":"","background-repeat":"repeat","background-position":"center center","background-size":"auto","background-attachment":"scroll","background-type":"","background-media":"","overlay-type":"","overlay-color":"","overlay-opacity":"","overlay-gradient":""},"tablet":{"background-color":"var(--ast-global-color-5)","background-image":"","background-repeat":"repeat","background-position":"center center","background-size":"auto","background-attachment":"scroll","background-type":"","background-media":"","overlay-type":"","overlay-color":"","overlay-opacity":"","overlay-gradient":""},"mobile":{"background-color":"var(--ast-global-color-5)","background-image":"","background-repeat":"repeat","background-position":"center center","background-size":"auto","background-attachment":"scroll","background-type":"","background-media":"","overlay-type":"","overlay-color":"","overlay-opacity":"","overlay-gradient":""}},"footnotes":""},"class_list":["post-4521","page","type-page","status-publish","hentry"],"uagb_featured_image_src":{"full":false,"thumbnail":false,"medium":false,"medium_large":false,"large":false,"1536x1536":false,"2048x2048":false},"uagb_author_info":{"display_name":"admin","author_link":"https:\/\/andydegroat.org\/ccinp\/author\/admin\/"},"uagb_comment_info":0,"uagb_excerpt":"fabien monrose Fabien Monrose suit une formation vari\u00e9e au sein de l\u2019association co2nexions : danse africaine, contemporaine, hip hop, mime\u2026 \u00c0 17 ans, il rencontre le travail de Wilfride Piollet [&hellip;]","_links":{"self":[{"href":"https:\/\/andydegroat.org\/ccinp\/wp-json\/wp\/v2\/pages\/4521","targetHints":{"allow":["GET"]}}],"collection":[{"href":"https:\/\/andydegroat.org\/ccinp\/wp-json\/wp\/v2\/pages"}],"about":[{"href":"https:\/\/andydegroat.org\/ccinp\/wp-json\/wp\/v2\/types\/page"}],"author":[{"embeddable":true,"href":"https:\/\/andydegroat.org\/ccinp\/wp-json\/wp\/v2\/users\/1"}],"replies":[{"embeddable":true,"href":"https:\/\/andydegroat.org\/ccinp\/wp-json\/wp\/v2\/comments?post=4521"}],"version-history":[{"count":36,"href":"https:\/\/andydegroat.org\/ccinp\/wp-json\/wp\/v2\/pages\/4521\/revisions"}],"predecessor-version":[{"id":4825,"href":"https:\/\/andydegroat.org\/ccinp\/wp-json\/wp\/v2\/pages\/4521\/revisions\/4825"}],"wp:attachment":[{"href":"https:\/\/andydegroat.org\/ccinp\/wp-json\/wp\/v2\/media?parent=4521"}],"curies":[{"name":"wp","href":"https:\/\/api.w.org\/{rel}","templated":true}]}}