{"id":4497,"date":"2026-02-20T11:51:19","date_gmt":"2026-02-20T11:51:19","guid":{"rendered":"https:\/\/andydegroat.org\/ccinp\/?page_id=4497"},"modified":"2026-02-23T16:22:29","modified_gmt":"2026-02-23T16:22:29","slug":"lola-kervroedran","status":"publish","type":"page","link":"https:\/\/andydegroat.org\/ccinp\/lola-kervroedran\/","title":{"rendered":"lola kervro\u00ebdan"},"content":{"rendered":"\t\t<div data-elementor-type=\"wp-page\" data-elementor-id=\"4497\" class=\"elementor elementor-4497\">\n\t\t\t\t\t\t<section class=\"elementor-section elementor-top-section elementor-element elementor-element-d3a4831 elementor-section-full_width elementor-section-height-default elementor-section-height-default\" data-id=\"d3a4831\" data-element_type=\"section\" data-e-type=\"section\">\n\t\t\t\t\t\t<div class=\"elementor-container elementor-column-gap-default\">\n\t\t\t\t\t<div class=\"elementor-column elementor-col-100 elementor-top-column elementor-element elementor-element-41a997a\" data-id=\"41a997a\" data-element_type=\"column\" data-e-type=\"column\">\n\t\t\t<div class=\"elementor-widget-wrap elementor-element-populated\">\n\t\t\t\t\t\t<div class=\"elementor-element elementor-element-0f77cf3 elementor-widget elementor-widget-heading\" data-id=\"0f77cf3\" data-element_type=\"widget\" data-e-type=\"widget\" data-widget_type=\"heading.default\">\n\t\t\t\t<div class=\"elementor-widget-container\">\n\t\t\t\t\t<h2 class=\"elementor-heading-title elementor-size-default\">lola kervro\u00ebdan<\/h2>\t\t\t\t<\/div>\n\t\t\t\t<\/div>\n\t\t\t\t\t<\/div>\n\t\t<\/div>\n\t\t\t\t\t<\/div>\n\t\t<\/section>\n\t\t\t\t<section class=\"elementor-section elementor-top-section elementor-element elementor-element-8202624 elementor-section-full_width elementor-section-stretched elementor-section-height-default elementor-section-height-default\" data-id=\"8202624\" data-element_type=\"section\" data-e-type=\"section\" data-settings=\"{&quot;stretch_section&quot;:&quot;section-stretched&quot;}\">\n\t\t\t\t\t\t<div class=\"elementor-container elementor-column-gap-default\">\n\t\t\t\t\t<div class=\"elementor-column elementor-col-100 elementor-top-column elementor-element elementor-element-c483c05\" data-id=\"c483c05\" data-element_type=\"column\" data-e-type=\"column\">\n\t\t\t<div class=\"elementor-widget-wrap elementor-element-populated\">\n\t\t\t\t\t\t<section class=\"elementor-section elementor-inner-section elementor-element elementor-element-5eb9363 elementor-section-full_width elementor-section-height-default elementor-section-height-default\" data-id=\"5eb9363\" data-element_type=\"section\" data-e-type=\"section\">\n\t\t\t\t\t\t<div class=\"elementor-container elementor-column-gap-default\">\n\t\t\t\t\t<div class=\"elementor-column elementor-col-50 elementor-inner-column elementor-element elementor-element-5b1cc78\" data-id=\"5b1cc78\" data-element_type=\"column\" data-e-type=\"column\">\n\t\t\t<div class=\"elementor-widget-wrap elementor-element-populated\">\n\t\t\t\t\t\t<div class=\"elementor-element elementor-element-e525ec2 elementor-widget__width-initial elementor-widget elementor-widget-image\" data-id=\"e525ec2\" data-element_type=\"widget\" data-e-type=\"widget\" data-widget_type=\"image.default\">\n\t\t\t\t<div class=\"elementor-widget-container\">\n\t\t\t\t\t\t\t\t\t\t\t\t<figure class=\"wp-caption\">\n\t\t\t\t\t\t\t\t\t\t<img fetchpriority=\"high\" decoding=\"async\" width=\"768\" height=\"768\" src=\"https:\/\/andydegroat.org\/ccinp\/wp-content\/uploads\/2026\/02\/lola-cut--768x768.jpg\" class=\"attachment-medium_large size-medium_large wp-image-4847\" alt=\"Lola Kervro\u00ebdan\" srcset=\"https:\/\/andydegroat.org\/ccinp\/wp-content\/uploads\/2026\/02\/lola-cut--768x768.jpg 768w, https:\/\/andydegroat.org\/ccinp\/wp-content\/uploads\/2026\/02\/lola-cut--300x300.jpg 300w, https:\/\/andydegroat.org\/ccinp\/wp-content\/uploads\/2026\/02\/lola-cut--1024x1024.jpg 1024w, https:\/\/andydegroat.org\/ccinp\/wp-content\/uploads\/2026\/02\/lola-cut--150x150.jpg 150w, https:\/\/andydegroat.org\/ccinp\/wp-content\/uploads\/2026\/02\/lola-cut--1536x1536.jpg 1536w, https:\/\/andydegroat.org\/ccinp\/wp-content\/uploads\/2026\/02\/lola-cut--scaled.jpg 2048w\" sizes=\"(max-width: 768px) 100vw, 768px\" \/>\t\t\t\t\t\t\t\t\t\t\t<figcaption class=\"widget-image-caption wp-caption-text\">Julie Cherki<\/figcaption>\n\t\t\t\t\t\t\t\t\t\t<\/figure>\n\t\t\t\t\t\t\t\t\t<\/div>\n\t\t\t\t<\/div>\n\t\t\t\t\t<\/div>\n\t\t<\/div>\n\t\t\t\t<div class=\"elementor-column elementor-col-50 elementor-inner-column elementor-element elementor-element-f29b565\" data-id=\"f29b565\" data-element_type=\"column\" data-e-type=\"column\">\n\t\t\t<div class=\"elementor-widget-wrap elementor-element-populated\">\n\t\t\t\t\t\t<div class=\"elementor-element elementor-element-9132b55 elementor-widget elementor-widget-text-editor\" data-id=\"9132b55\" data-element_type=\"widget\" data-e-type=\"widget\" data-widget_type=\"text-editor.default\">\n\t\t\t\t<div class=\"elementor-widget-container\">\n\t\t\t\t\t\t\t\t\t<p>\u00a0<\/p><p>\u00a0<\/p><p><span style=\"font-family: Arial, sans-serif;\"><a href=\"https:\/\/compagnieoak.fr\/\" target=\"_blank\" rel=\"noopener nofollow\">Lola Kervro\u00ebdan<\/a> <\/span><\/p><p>s&rsquo;est form\u00e9e au CNSMD de Paris de 2006 \u00e0 2011 en danse contemporaine.\u00a0<br \/>Depuis elle travaille en tant qu&rsquo;interpr\u00e8te dans plusieurs compagnies telles que : <em>compagnie K\u00e4fig, M\u00e2le, Marie-Caroline Hominal, Yasaman, compagnie Grenade,\u00a0 Artforgaia, Sylvie Guillermin, R\u00e9gis Obadia, 7273, Kham<\/em>&#8230; Des projets tr\u00e8s diff\u00e9rents passant de la danse contemporaine, au cirque, \u00e0 la danse hip hop et au th\u00e9\u00e2tre.<\/p><p>En 2019, elle a cr\u00e9\u00e9 la compagnie <a href=\"https:\/\/compagnieoak.fr\/\" target=\"_blank\" rel=\"noopener nofollow\"><em>Oak<\/em><\/a> avec sa s\u0153ur \u00e9crivaine, compagnie m\u00ealant danse contemporaine et litt\u00e9rature.<\/p><div><p class=\"texte-(user)\"><span style=\"font-family: Century Gothic, sans-serif;\"><span style=\"font-size: small;\">En 2022, elle rejoint le C.C.I.N.P andy de groat pour la r\u00e9activation de <em>Red Notes<\/em> et fait partie du Groupe de Recherche.<\/span><\/span><\/p><\/div>\t\t\t\t\t\t\t\t<\/div>\n\t\t\t\t<\/div>\n\t\t\t\t\t<\/div>\n\t\t<\/div>\n\t\t\t\t\t<\/div>\n\t\t<\/section>\n\t\t\t\t\t<\/div>\n\t\t<\/div>\n\t\t\t\t\t<\/div>\n\t\t<\/section>\n\t\t\t\t<section class=\"elementor-section elementor-top-section elementor-element elementor-element-f01cdd2 elementor-section-full_width elementor-section-height-default elementor-section-height-default\" data-id=\"f01cdd2\" data-element_type=\"section\" data-e-type=\"section\">\n\t\t\t\t\t\t<div class=\"elementor-container elementor-column-gap-default\">\n\t\t\t\t\t\t<\/div>\n\t\t<\/section>\n\t\t\t\t<section class=\"elementor-section elementor-top-section elementor-element elementor-element-26279c5 elementor-section-boxed elementor-section-height-default elementor-section-height-default\" data-id=\"26279c5\" data-element_type=\"section\" data-e-type=\"section\">\n\t\t\t\t\t\t<div class=\"elementor-container elementor-column-gap-default\">\n\t\t\t\t\t<div class=\"elementor-column elementor-col-50 elementor-top-column elementor-element elementor-element-183b261\" data-id=\"183b261\" data-element_type=\"column\" data-e-type=\"column\">\n\t\t\t<div class=\"elementor-widget-wrap\">\n\t\t\t\t\t\t\t<\/div>\n\t\t<\/div>\n\t\t\t\t<div class=\"elementor-column elementor-col-50 elementor-top-column elementor-element elementor-element-13f6f3c\" data-id=\"13f6f3c\" data-element_type=\"column\" data-e-type=\"column\">\n\t\t\t<div class=\"elementor-widget-wrap elementor-element-populated\">\n\t\t\t\t\t\t<div class=\"elementor-element elementor-element-c1bf14d elementor-widget elementor-widget-button\" data-id=\"c1bf14d\" data-element_type=\"widget\" data-e-type=\"widget\" data-widget_type=\"button.default\">\n\t\t\t\t<div class=\"elementor-widget-container\">\n\t\t\t\t\t\t\t\t\t<div class=\"elementor-button-wrapper\">\n\t\t\t\t\t<a class=\"elementor-button elementor-button-link elementor-size-sm\" href=\"https:\/\/andydegroat.org\/ccinp\/biographies-de-lequipe\/\">\n\t\t\t\t\t\t<span class=\"elementor-button-content-wrapper\">\n\t\t\t\t\t\t\t\t\t<span class=\"elementor-button-text\">Retour<\/span>\n\t\t\t\t\t<\/span>\n\t\t\t\t\t<\/a>\n\t\t\t\t<\/div>\n\t\t\t\t\t\t\t\t<\/div>\n\t\t\t\t<\/div>\n\t\t\t\t\t<\/div>\n\t\t<\/div>\n\t\t\t\t\t<\/div>\n\t\t<\/section>\n\t\t\t\t<\/div>\n\t\t","protected":false},"excerpt":{"rendered":"<p>lola kervro\u00ebdan Julie Cherki \u00a0 \u00a0 Lola Kervro\u00ebdan s&rsquo;est form\u00e9e au CNSMD de Paris de 2006 \u00e0 2011 en danse contemporaine.\u00a0Depuis elle travaille en tant qu&rsquo;interpr\u00e8te dans plusieurs compagnies telles [&hellip;]<\/p>\n","protected":false},"author":1,"featured_media":0,"parent":0,"menu_order":0,"comment_status":"closed","ping_status":"closed","template":"","meta":{"_uag_custom_page_level_css":"","_monsterinsights_skip_tracking":false,"_monsterinsights_sitenote_active":false,"_monsterinsights_sitenote_note":"","_monsterinsights_sitenote_category":0,"site-sidebar-layout":"no-sidebar","site-content-layout":"page-builder","ast-site-content-layout":"full-width-container","site-content-style":"unboxed","site-sidebar-style":"unboxed","ast-global-header-display":"","ast-banner-title-visibility":"","ast-main-header-display":"","ast-hfb-above-header-display":"","ast-hfb-below-header-display":"","ast-hfb-mobile-header-display":"","site-post-title":"disabled","ast-breadcrumbs-content":"","ast-featured-img":"disabled","footer-sml-layout":"","ast-disable-related-posts":"","theme-transparent-header-meta":"default","adv-header-id-meta":"","stick-header-meta":"","header-above-stick-meta":"","header-main-stick-meta":"","header-below-stick-meta":"","astra-migrate-meta-layouts":"set","ast-page-background-enabled":"default","ast-page-background-meta":{"desktop":{"background-color":"var(--ast-global-color-4)","background-image":"","background-repeat":"repeat","background-position":"center center","background-size":"auto","background-attachment":"scroll","background-type":"","background-media":"","overlay-type":"","overlay-color":"","overlay-opacity":"","overlay-gradient":""},"tablet":{"background-color":"","background-image":"","background-repeat":"repeat","background-position":"center center","background-size":"auto","background-attachment":"scroll","background-type":"","background-media":"","overlay-type":"","overlay-color":"","overlay-opacity":"","overlay-gradient":""},"mobile":{"background-color":"","background-image":"","background-repeat":"repeat","background-position":"center center","background-size":"auto","background-attachment":"scroll","background-type":"","background-media":"","overlay-type":"","overlay-color":"","overlay-opacity":"","overlay-gradient":""}},"ast-content-background-meta":{"desktop":{"background-color":"var(--ast-global-color-5)","background-image":"","background-repeat":"repeat","background-position":"center center","background-size":"auto","background-attachment":"scroll","background-type":"","background-media":"","overlay-type":"","overlay-color":"","overlay-opacity":"","overlay-gradient":""},"tablet":{"background-color":"var(--ast-global-color-5)","background-image":"","background-repeat":"repeat","background-position":"center center","background-size":"auto","background-attachment":"scroll","background-type":"","background-media":"","overlay-type":"","overlay-color":"","overlay-opacity":"","overlay-gradient":""},"mobile":{"background-color":"var(--ast-global-color-5)","background-image":"","background-repeat":"repeat","background-position":"center center","background-size":"auto","background-attachment":"scroll","background-type":"","background-media":"","overlay-type":"","overlay-color":"","overlay-opacity":"","overlay-gradient":""}},"footnotes":""},"class_list":["post-4497","page","type-page","status-publish","hentry"],"uagb_featured_image_src":{"full":false,"thumbnail":false,"medium":false,"medium_large":false,"large":false,"1536x1536":false,"2048x2048":false},"uagb_author_info":{"display_name":"admin","author_link":"https:\/\/andydegroat.org\/ccinp\/author\/admin\/"},"uagb_comment_info":0,"uagb_excerpt":"lola kervro\u00ebdan Julie Cherki \u00a0 \u00a0 Lola Kervro\u00ebdan s&rsquo;est form\u00e9e au CNSMD de Paris de 2006 \u00e0 2011 en danse contemporaine.\u00a0Depuis elle travaille en tant qu&rsquo;interpr\u00e8te dans plusieurs compagnies telles [&hellip;]","_links":{"self":[{"href":"https:\/\/andydegroat.org\/ccinp\/wp-json\/wp\/v2\/pages\/4497","targetHints":{"allow":["GET"]}}],"collection":[{"href":"https:\/\/andydegroat.org\/ccinp\/wp-json\/wp\/v2\/pages"}],"about":[{"href":"https:\/\/andydegroat.org\/ccinp\/wp-json\/wp\/v2\/types\/page"}],"author":[{"embeddable":true,"href":"https:\/\/andydegroat.org\/ccinp\/wp-json\/wp\/v2\/users\/1"}],"replies":[{"embeddable":true,"href":"https:\/\/andydegroat.org\/ccinp\/wp-json\/wp\/v2\/comments?post=4497"}],"version-history":[{"count":27,"href":"https:\/\/andydegroat.org\/ccinp\/wp-json\/wp\/v2\/pages\/4497\/revisions"}],"predecessor-version":[{"id":4855,"href":"https:\/\/andydegroat.org\/ccinp\/wp-json\/wp\/v2\/pages\/4497\/revisions\/4855"}],"wp:attachment":[{"href":"https:\/\/andydegroat.org\/ccinp\/wp-json\/wp\/v2\/media?parent=4497"}],"curies":[{"name":"wp","href":"https:\/\/api.w.org\/{rel}","templated":true}]}}