{"id":4474,"date":"2026-02-20T10:09:53","date_gmt":"2026-02-20T10:09:53","guid":{"rendered":"https:\/\/andydegroat.org\/ccinp\/?page_id=4474"},"modified":"2026-02-23T13:45:47","modified_gmt":"2026-02-23T13:45:47","slug":"do-brunet","status":"publish","type":"page","link":"https:\/\/andydegroat.org\/ccinp\/do-brunet\/","title":{"rendered":"do brunet"},"content":{"rendered":"\t\t<div data-elementor-type=\"wp-page\" data-elementor-id=\"4474\" class=\"elementor elementor-4474\">\n\t\t\t\t\t\t<section class=\"elementor-section elementor-top-section elementor-element elementor-element-d3a4831 elementor-section-full_width elementor-section-height-default elementor-section-height-default\" data-id=\"d3a4831\" data-element_type=\"section\" data-e-type=\"section\">\n\t\t\t\t\t\t<div class=\"elementor-container elementor-column-gap-default\">\n\t\t\t\t\t<div class=\"elementor-column elementor-col-100 elementor-top-column elementor-element elementor-element-41a997a\" data-id=\"41a997a\" data-element_type=\"column\" data-e-type=\"column\">\n\t\t\t<div class=\"elementor-widget-wrap elementor-element-populated\">\n\t\t\t\t\t\t<div class=\"elementor-element elementor-element-0f77cf3 elementor-widget elementor-widget-heading\" data-id=\"0f77cf3\" data-element_type=\"widget\" data-e-type=\"widget\" data-widget_type=\"heading.default\">\n\t\t\t\t<div class=\"elementor-widget-container\">\n\t\t\t\t\t<h2 class=\"elementor-heading-title elementor-size-default\">do brunet<\/h2>\t\t\t\t<\/div>\n\t\t\t\t<\/div>\n\t\t\t\t\t<\/div>\n\t\t<\/div>\n\t\t\t\t\t<\/div>\n\t\t<\/section>\n\t\t\t\t<section class=\"elementor-section elementor-top-section elementor-element elementor-element-8202624 elementor-section-full_width elementor-section-stretched elementor-section-height-default elementor-section-height-default\" data-id=\"8202624\" data-element_type=\"section\" data-e-type=\"section\" data-settings=\"{&quot;stretch_section&quot;:&quot;section-stretched&quot;}\">\n\t\t\t\t\t\t<div class=\"elementor-container elementor-column-gap-default\">\n\t\t\t\t\t<div class=\"elementor-column elementor-col-100 elementor-top-column elementor-element elementor-element-c483c05\" data-id=\"c483c05\" data-element_type=\"column\" data-e-type=\"column\">\n\t\t\t<div class=\"elementor-widget-wrap elementor-element-populated\">\n\t\t\t\t\t\t<section class=\"elementor-section elementor-inner-section elementor-element elementor-element-5eb9363 elementor-section-full_width elementor-section-height-default elementor-section-height-default\" data-id=\"5eb9363\" data-element_type=\"section\" data-e-type=\"section\">\n\t\t\t\t\t\t<div class=\"elementor-container elementor-column-gap-default\">\n\t\t\t\t\t<div class=\"elementor-column elementor-col-50 elementor-inner-column elementor-element elementor-element-5b1cc78\" data-id=\"5b1cc78\" data-element_type=\"column\" data-e-type=\"column\">\n\t\t\t<div class=\"elementor-widget-wrap elementor-element-populated\">\n\t\t\t\t\t\t<div class=\"elementor-element elementor-element-e525ec2 elementor-widget__width-initial elementor-widget elementor-widget-image\" data-id=\"e525ec2\" data-element_type=\"widget\" data-e-type=\"widget\" data-widget_type=\"image.default\">\n\t\t\t\t<div class=\"elementor-widget-container\">\n\t\t\t\t\t\t\t\t\t\t\t\t<figure class=\"wp-caption\">\n\t\t\t\t\t\t\t\t\t\t<img fetchpriority=\"high\" decoding=\"async\" width=\"768\" height=\"737\" src=\"https:\/\/andydegroat.org\/ccinp\/wp-content\/uploads\/2026\/02\/Portraits-Do-scaled-e1771500658194-768x737.jpg\" class=\"attachment-medium_large size-medium_large wp-image-4421\" alt=\"\" srcset=\"https:\/\/andydegroat.org\/ccinp\/wp-content\/uploads\/2026\/02\/Portraits-Do-scaled-e1771500658194-768x737.jpg 768w, https:\/\/andydegroat.org\/ccinp\/wp-content\/uploads\/2026\/02\/Portraits-Do-scaled-e1771500658194-300x288.jpg 300w, https:\/\/andydegroat.org\/ccinp\/wp-content\/uploads\/2026\/02\/Portraits-Do-scaled-e1771500658194-1024x983.jpg 1024w, https:\/\/andydegroat.org\/ccinp\/wp-content\/uploads\/2026\/02\/Portraits-Do-scaled-e1771500658194.jpg 1365w\" sizes=\"(max-width: 768px) 100vw, 768px\" \/>\t\t\t\t\t\t\t\t\t\t\t<figcaption class=\"widget-image-caption wp-caption-text\"><\/figcaption>\n\t\t\t\t\t\t\t\t\t\t<\/figure>\n\t\t\t\t\t\t\t\t\t<\/div>\n\t\t\t\t<\/div>\n\t\t\t\t\t<\/div>\n\t\t<\/div>\n\t\t\t\t<div class=\"elementor-column elementor-col-50 elementor-inner-column elementor-element elementor-element-f29b565\" data-id=\"f29b565\" data-element_type=\"column\" data-e-type=\"column\">\n\t\t\t<div class=\"elementor-widget-wrap elementor-element-populated\">\n\t\t\t\t\t\t<div class=\"elementor-element elementor-element-9132b55 elementor-widget elementor-widget-text-editor\" data-id=\"9132b55\" data-element_type=\"widget\" data-e-type=\"widget\" data-widget_type=\"text-editor.default\">\n\t\t\t\t<div class=\"elementor-widget-container\">\n\t\t\t\t\t\t\t\t\t<p class=\"western\"><span style=\"font-family: URW Gothic L, sans-serif;\"><span style=\"font-size: small;\"><a href=\"https:\/\/dobrunetsophrologue.fr\/\" target=\"_blank\" rel=\"noopener nofollow\">Do Brunet<\/a><\/span><\/span><\/p><p class=\"western\"><span style=\"font-family: URW Gothic L, sans-serif;\"><span style=\"font-size: small;\">Je rencontre la danse comme une \u00e9vidence. Form\u00e9e \u00e0 la p\u00e9dagogie d&rsquo;Ir\u00e8ne Popard dont je suis dipl\u00f4m\u00e9e, j&rsquo;enseigne \u00e0 des publics amateurs et professionnels.<br \/>Interpr\u00e8te depuis 1983, je danse avec A. Degroat, A. Preljocaj, B.Farges, D.Larrieu et S.Aubin . Puis avec le Quatuor Knust, P. Montrouge, G. Gr\u00e9ault, F. Ruckaert. Je con\u00e7ois et r\u00e9alise des performances avec plasticiens et \u00e9crivains. <br \/>En 1993, je fonde avec B.Lombard, La Ronde, une compagnie d\u2019interpr\u00e8tes et nous dansons Bagouet, Wigman, Bossatti,Paul les oiseaux.<\/span><\/span><\/p><p class=\"western\"><span style=\"font-family: URW Gothic L, sans-serif;\"><span style=\"font-size: small;\">Depuis 2001, je suis \u00e9galement vid\u00e9aste. <\/span><\/span><\/p><p class=\"western\"><span style=\"font-family: URW Gothic L, sans-serif;\"><span style=\"font-size: small;\">En <\/span><span style=\"font-size: small;\">2014, je co-r\u00e9alise avec Vincent Gaullier, L&rsquo;Art de voler web-doc. sur le travail de K. Dubois.<\/span><\/span><\/p><p class=\"western\"><span style=\"font-family: URW Gothic L, sans-serif;\"><span style=\"color: #000000;\"><span style=\"font-size: small;\"><span lang=\"fr-FR\">Je retrouve Andy<\/span><\/span><\/span> <span style=\"color: #000000;\"><span style=\"font-size: small;\">et <\/span><\/span><span style=\"color: #000000;\"><span style=\"font-size: small;\"><span lang=\"fr-FR\">cr\u00e9<\/span><\/span><\/span><span style=\"color: #000000;\"><span style=\"font-size: small;\">e de<\/span><\/span><span style=\"color: #000000;\"><span style=\"font-size: small;\">s<\/span><\/span><span style=\"color: #000000;\"><span style=\"font-size: small;\"> films courts <\/span><\/span><span style=\"color: #000000;\"><span style=\"font-size: small;\"><span lang=\"fr-FR\">\u00e0 partir de ses notes et croquis<\/span><\/span><\/span><span style=\"color: #000000;\"><span style=\"font-size: small;\">, <\/span><\/span><span style=\"color: #000000;\"><span style=\"font-size: small;\">j<\/span><\/span><span style=\"color: #000000;\"><span style=\"font-size: small;\">e r\u00e9alise <\/span><\/span><span style=\"color: #000000;\"><span style=\"font-size: small;\"><span lang=\"fr-FR\">pour lui <\/span><\/span><\/span><span style=\"color: #000000;\"><span style=\"font-size: small;\"> Willows, <\/span><\/span><span style=\"color: #000000;\"><span style=\"font-size: small;\"><span lang=\"fr-FR\">film <\/span><\/span><\/span><span style=\"color: #000000;\"><span style=\"font-size: small;\">autobiographique.<\/span><\/span><span style=\"font-size: small;\"><br \/>Je travaille avec D. Larrieu \u00e0 la constitution du fond d&rsquo;archives vid\u00e9o M\u00e9moire Vive et accompagne la compagnie <\/span><span style=\"font-size: small;\">Roc in Lichen <\/span><span style=\"font-size: small;\">dans leur r\u00e9flexion archivistiques .<\/span><\/span><\/p><p class=\"western\"><span style=\"font-family: URW Gothic L, sans-serif;\"><span style=\"font-size: small;\">2020, je r\u00e9alise r\u00e9-Activation, L\u2019Art du geste, documentaire sur l<\/span><span style=\"color: #000000;\"><span style=\"font-size: small;\"><span lang=\"fr-FR\">a r\u00e9-activation<\/span><\/span><\/span><span style=\"font-size: small;\"> avec de jeunes danseurs,<\/span> <span style=\"font-size: small;\">de la pi\u00e8ce Romance en Stuc de Daniel Larrieu.<\/span><\/span><\/p><p class=\"western\"><span style=\"font-family: URW Gothic L, sans-serif;\"><span style=\"font-size: small;\">Depuis 2018, je suis <\/span><span style=\"font-size: small;\">aussi <\/span><span style=\"font-size: small;\">Sophrologue<\/span><span style=\"font-size: small;\"> .<\/span><\/span><\/p><p class=\"western\"><span style=\"font-family: URW Gothic L, sans-serif;\"><span style=\"font-size: small;\">En tant que co-mandataire de l\u2019\u0153uvre d\u2019<\/span><span style=\"font-size: small;\">A<\/span><span style=\"font-size: small;\">ndy <\/span><span style=\"font-size: small;\">de Groat,<\/span> <span style=\"font-size: small;\">avec Martin Barr\u00e9, je <\/span><span style=\"font-size: small;\">fai<\/span><span style=\"font-size: small;\">s<\/span><span style=\"font-size: small;\"> parti<\/span><span style=\"font-size: small;\">e<\/span><span style=\"font-size: small;\"> des membres fondat<\/span><span style=\"color: #000000;\"><span style=\"font-size: small;\"><span lang=\"fr-FR\">eurs<\/span><\/span><\/span><span style=\"font-size: small;\"> du <\/span><span style=\"color: #000000;\"><span style=\"font-size: small;\"><span lang=\"fr-FR\">CCINP andy de Groat.<\/span><\/span><\/span><\/span><\/p>\t\t\t\t\t\t\t\t<\/div>\n\t\t\t\t<\/div>\n\t\t\t\t\t<\/div>\n\t\t<\/div>\n\t\t\t\t\t<\/div>\n\t\t<\/section>\n\t\t\t\t\t<\/div>\n\t\t<\/div>\n\t\t\t\t\t<\/div>\n\t\t<\/section>\n\t\t\t\t<section class=\"elementor-section elementor-top-section elementor-element elementor-element-f01cdd2 elementor-section-full_width elementor-section-height-default elementor-section-height-default\" data-id=\"f01cdd2\" data-element_type=\"section\" data-e-type=\"section\">\n\t\t\t\t\t\t<div class=\"elementor-container elementor-column-gap-default\">\n\t\t\t\t\t\t<\/div>\n\t\t<\/section>\n\t\t\t\t<section class=\"elementor-section elementor-top-section elementor-element elementor-element-8062a3b elementor-section-boxed elementor-section-height-default elementor-section-height-default\" data-id=\"8062a3b\" data-element_type=\"section\" data-e-type=\"section\">\n\t\t\t\t\t\t<div class=\"elementor-container elementor-column-gap-default\">\n\t\t\t\t\t<div class=\"elementor-column elementor-col-50 elementor-top-column elementor-element elementor-element-8aaa2ea\" data-id=\"8aaa2ea\" data-element_type=\"column\" data-e-type=\"column\">\n\t\t\t<div class=\"elementor-widget-wrap\">\n\t\t\t\t\t\t\t<\/div>\n\t\t<\/div>\n\t\t\t\t<div class=\"elementor-column elementor-col-50 elementor-top-column elementor-element elementor-element-06fa1be\" data-id=\"06fa1be\" data-element_type=\"column\" data-e-type=\"column\">\n\t\t\t<div class=\"elementor-widget-wrap elementor-element-populated\">\n\t\t\t\t\t\t<div class=\"elementor-element elementor-element-b5c6d06 elementor-widget elementor-widget-button\" data-id=\"b5c6d06\" data-element_type=\"widget\" data-e-type=\"widget\" data-widget_type=\"button.default\">\n\t\t\t\t<div class=\"elementor-widget-container\">\n\t\t\t\t\t\t\t\t\t<div class=\"elementor-button-wrapper\">\n\t\t\t\t\t<a class=\"elementor-button elementor-button-link elementor-size-sm\" href=\"https:\/\/andydegroat.org\/ccinp\/biographies-de-lequipe\">\n\t\t\t\t\t\t<span class=\"elementor-button-content-wrapper\">\n\t\t\t\t\t\t\t\t\t<span class=\"elementor-button-text\">Retour<\/span>\n\t\t\t\t\t<\/span>\n\t\t\t\t\t<\/a>\n\t\t\t\t<\/div>\n\t\t\t\t\t\t\t\t<\/div>\n\t\t\t\t<\/div>\n\t\t\t\t\t<\/div>\n\t\t<\/div>\n\t\t\t\t\t<\/div>\n\t\t<\/section>\n\t\t\t\t<\/div>\n\t\t","protected":false},"excerpt":{"rendered":"<p>do brunet Do Brunet Je rencontre la danse comme une \u00e9vidence. Form\u00e9e \u00e0 la p\u00e9dagogie d&rsquo;Ir\u00e8ne Popard dont je suis dipl\u00f4m\u00e9e, j&rsquo;enseigne \u00e0 des publics amateurs et professionnels.Interpr\u00e8te depuis 1983, [&hellip;]<\/p>\n","protected":false},"author":1,"featured_media":0,"parent":0,"menu_order":0,"comment_status":"closed","ping_status":"closed","template":"","meta":{"_uag_custom_page_level_css":"","_monsterinsights_skip_tracking":false,"_monsterinsights_sitenote_active":false,"_monsterinsights_sitenote_note":"","_monsterinsights_sitenote_category":0,"site-sidebar-layout":"no-sidebar","site-content-layout":"page-builder","ast-site-content-layout":"full-width-container","site-content-style":"unboxed","site-sidebar-style":"unboxed","ast-global-header-display":"","ast-banner-title-visibility":"","ast-main-header-display":"","ast-hfb-above-header-display":"","ast-hfb-below-header-display":"","ast-hfb-mobile-header-display":"","site-post-title":"disabled","ast-breadcrumbs-content":"","ast-featured-img":"disabled","footer-sml-layout":"","ast-disable-related-posts":"","theme-transparent-header-meta":"default","adv-header-id-meta":"","stick-header-meta":"","header-above-stick-meta":"","header-main-stick-meta":"","header-below-stick-meta":"","astra-migrate-meta-layouts":"set","ast-page-background-enabled":"default","ast-page-background-meta":{"desktop":{"background-color":"var(--ast-global-color-4)","background-image":"","background-repeat":"repeat","background-position":"center center","background-size":"auto","background-attachment":"scroll","background-type":"","background-media":"","overlay-type":"","overlay-color":"","overlay-opacity":"","overlay-gradient":""},"tablet":{"background-color":"","background-image":"","background-repeat":"repeat","background-position":"center center","background-size":"auto","background-attachment":"scroll","background-type":"","background-media":"","overlay-type":"","overlay-color":"","overlay-opacity":"","overlay-gradient":""},"mobile":{"background-color":"","background-image":"","background-repeat":"repeat","background-position":"center center","background-size":"auto","background-attachment":"scroll","background-type":"","background-media":"","overlay-type":"","overlay-color":"","overlay-opacity":"","overlay-gradient":""}},"ast-content-background-meta":{"desktop":{"background-color":"var(--ast-global-color-5)","background-image":"","background-repeat":"repeat","background-position":"center center","background-size":"auto","background-attachment":"scroll","background-type":"","background-media":"","overlay-type":"","overlay-color":"","overlay-opacity":"","overlay-gradient":""},"tablet":{"background-color":"var(--ast-global-color-5)","background-image":"","background-repeat":"repeat","background-position":"center center","background-size":"auto","background-attachment":"scroll","background-type":"","background-media":"","overlay-type":"","overlay-color":"","overlay-opacity":"","overlay-gradient":""},"mobile":{"background-color":"var(--ast-global-color-5)","background-image":"","background-repeat":"repeat","background-position":"center center","background-size":"auto","background-attachment":"scroll","background-type":"","background-media":"","overlay-type":"","overlay-color":"","overlay-opacity":"","overlay-gradient":""}},"footnotes":""},"class_list":["post-4474","page","type-page","status-publish","hentry"],"uagb_featured_image_src":{"full":false,"thumbnail":false,"medium":false,"medium_large":false,"large":false,"1536x1536":false,"2048x2048":false},"uagb_author_info":{"display_name":"admin","author_link":"https:\/\/andydegroat.org\/ccinp\/author\/admin\/"},"uagb_comment_info":0,"uagb_excerpt":"do brunet Do Brunet Je rencontre la danse comme une \u00e9vidence. Form\u00e9e \u00e0 la p\u00e9dagogie d&rsquo;Ir\u00e8ne Popard dont je suis dipl\u00f4m\u00e9e, j&rsquo;enseigne \u00e0 des publics amateurs et professionnels.Interpr\u00e8te depuis 1983, [&hellip;]","_links":{"self":[{"href":"https:\/\/andydegroat.org\/ccinp\/wp-json\/wp\/v2\/pages\/4474","targetHints":{"allow":["GET"]}}],"collection":[{"href":"https:\/\/andydegroat.org\/ccinp\/wp-json\/wp\/v2\/pages"}],"about":[{"href":"https:\/\/andydegroat.org\/ccinp\/wp-json\/wp\/v2\/types\/page"}],"author":[{"embeddable":true,"href":"https:\/\/andydegroat.org\/ccinp\/wp-json\/wp\/v2\/users\/1"}],"replies":[{"embeddable":true,"href":"https:\/\/andydegroat.org\/ccinp\/wp-json\/wp\/v2\/comments?post=4474"}],"version-history":[{"count":13,"href":"https:\/\/andydegroat.org\/ccinp\/wp-json\/wp\/v2\/pages\/4474\/revisions"}],"predecessor-version":[{"id":4798,"href":"https:\/\/andydegroat.org\/ccinp\/wp-json\/wp\/v2\/pages\/4474\/revisions\/4798"}],"wp:attachment":[{"href":"https:\/\/andydegroat.org\/ccinp\/wp-json\/wp\/v2\/media?parent=4474"}],"curies":[{"name":"wp","href":"https:\/\/api.w.org\/{rel}","templated":true}]}}