{"id":4466,"date":"2026-02-20T12:12:00","date_gmt":"2026-02-20T12:12:00","guid":{"rendered":"https:\/\/andydegroat.org\/ccinp\/?page_id=4466"},"modified":"2026-02-23T13:38:26","modified_gmt":"2026-02-23T13:38:26","slug":"stephanie-bargues","status":"publish","type":"page","link":"https:\/\/andydegroat.org\/ccinp\/stephanie-bargues\/","title":{"rendered":"st\u00e9phanie bargues"},"content":{"rendered":"\t\t<div data-elementor-type=\"wp-page\" data-elementor-id=\"4466\" class=\"elementor elementor-4466\">\n\t\t\t\t\t\t<section class=\"elementor-section elementor-top-section elementor-element elementor-element-d3a4831 elementor-section-full_width elementor-section-height-default elementor-section-height-default\" data-id=\"d3a4831\" data-element_type=\"section\" data-e-type=\"section\">\n\t\t\t\t\t\t<div class=\"elementor-container elementor-column-gap-default\">\n\t\t\t\t\t<div class=\"elementor-column elementor-col-100 elementor-top-column elementor-element elementor-element-41a997a\" data-id=\"41a997a\" data-element_type=\"column\" data-e-type=\"column\">\n\t\t\t<div class=\"elementor-widget-wrap elementor-element-populated\">\n\t\t\t\t\t\t<div class=\"elementor-element elementor-element-0f77cf3 elementor-widget elementor-widget-heading\" data-id=\"0f77cf3\" data-element_type=\"widget\" data-e-type=\"widget\" data-widget_type=\"heading.default\">\n\t\t\t\t<div class=\"elementor-widget-container\">\n\t\t\t\t\t<h2 class=\"elementor-heading-title elementor-size-default\">st\u00e9phanie bargues<\/h2>\t\t\t\t<\/div>\n\t\t\t\t<\/div>\n\t\t\t\t\t<\/div>\n\t\t<\/div>\n\t\t\t\t\t<\/div>\n\t\t<\/section>\n\t\t\t\t<section class=\"elementor-section elementor-top-section elementor-element elementor-element-8202624 elementor-section-full_width elementor-section-stretched elementor-section-height-default elementor-section-height-default\" data-id=\"8202624\" data-element_type=\"section\" data-e-type=\"section\" data-settings=\"{&quot;stretch_section&quot;:&quot;section-stretched&quot;}\">\n\t\t\t\t\t\t<div class=\"elementor-container elementor-column-gap-default\">\n\t\t\t\t\t<div class=\"elementor-column elementor-col-100 elementor-top-column elementor-element elementor-element-c483c05\" data-id=\"c483c05\" data-element_type=\"column\" data-e-type=\"column\">\n\t\t\t<div class=\"elementor-widget-wrap elementor-element-populated\">\n\t\t\t\t\t\t<section class=\"elementor-section elementor-inner-section elementor-element elementor-element-5eb9363 elementor-section-full_width elementor-section-height-default elementor-section-height-default\" data-id=\"5eb9363\" data-element_type=\"section\" data-e-type=\"section\">\n\t\t\t\t\t\t<div class=\"elementor-container elementor-column-gap-default\">\n\t\t\t\t\t<div class=\"elementor-column elementor-col-50 elementor-inner-column elementor-element elementor-element-5b1cc78\" data-id=\"5b1cc78\" data-element_type=\"column\" data-e-type=\"column\">\n\t\t\t<div class=\"elementor-widget-wrap elementor-element-populated\">\n\t\t\t\t\t\t<div class=\"elementor-element elementor-element-e525ec2 elementor-widget elementor-widget-image\" data-id=\"e525ec2\" data-element_type=\"widget\" data-e-type=\"widget\" data-widget_type=\"image.default\">\n\t\t\t\t<div class=\"elementor-widget-container\">\n\t\t\t\t\t\t\t\t\t\t\t\t<figure class=\"wp-caption\">\n\t\t\t\t\t\t\t\t\t\t<img fetchpriority=\"high\" decoding=\"async\" width=\"768\" height=\"730\" src=\"https:\/\/andydegroat.org\/ccinp\/wp-content\/uploads\/2026\/02\/STEPHANIE-BARGUES-5-e1771500890600-768x730.jpg\" class=\"attachment-medium_large size-medium_large wp-image-4424\" alt=\"\" srcset=\"https:\/\/andydegroat.org\/ccinp\/wp-content\/uploads\/2026\/02\/STEPHANIE-BARGUES-5-e1771500890600-768x730.jpg 768w, https:\/\/andydegroat.org\/ccinp\/wp-content\/uploads\/2026\/02\/STEPHANIE-BARGUES-5-e1771500890600-300x285.jpg 300w, https:\/\/andydegroat.org\/ccinp\/wp-content\/uploads\/2026\/02\/STEPHANIE-BARGUES-5-e1771500890600-1024x974.jpg 1024w, https:\/\/andydegroat.org\/ccinp\/wp-content\/uploads\/2026\/02\/STEPHANIE-BARGUES-5-e1771500890600.jpg 1183w\" sizes=\"(max-width: 768px) 100vw, 768px\" \/>\t\t\t\t\t\t\t\t\t\t\t<figcaption class=\"widget-image-caption wp-caption-text\"><\/figcaption>\n\t\t\t\t\t\t\t\t\t\t<\/figure>\n\t\t\t\t\t\t\t\t\t<\/div>\n\t\t\t\t<\/div>\n\t\t\t\t\t<\/div>\n\t\t<\/div>\n\t\t\t\t<div class=\"elementor-column elementor-col-50 elementor-inner-column elementor-element elementor-element-f29b565\" data-id=\"f29b565\" data-element_type=\"column\" data-e-type=\"column\">\n\t\t\t<div class=\"elementor-widget-wrap elementor-element-populated\">\n\t\t\t\t\t\t<div class=\"elementor-element elementor-element-9132b55 elementor-widget elementor-widget-text-editor\" data-id=\"9132b55\" data-element_type=\"widget\" data-e-type=\"widget\" data-widget_type=\"text-editor.default\">\n\t\t\t\t<div class=\"elementor-widget-container\">\n\t\t\t\t\t\t\t\t\t<p>\u00a0<\/p><p><a href=\"https:\/\/www.stephaniebargues.com\/\" target=\"_blank\" rel=\"noopener nofollow\"><span style=\"font-family: URW Gothic L, sans-serif;\"><span style=\"color: #000000;\"><span style=\"font-size: medium;\">St\u00e9phanie Bargues<\/span><\/span><\/span><\/a><\/p><p class=\"texte-(user)\"><span style=\"color: #000000;\"><span style=\"font-family: Century Gothic, sans-serif;\"><span style=\"font-size: small;\">Form\u00e9e \u00e0 la danse et \u00e0 l&rsquo;art dramatique, St\u00e9phanie Bargues d\u00e9couvre la joie d&rsquo;\u00eatre interpr\u00e8te aupr\u00e8s du chor\u00e9graphe Andy de Groat.\u00a0<br \/>Apr\u00e8s de nombreuses collaborations, il la met en sc\u00e8ne dans le solo <\/span><\/span><\/span><span style=\"color: #000000;\"><span style=\"font-family: Century Gothic, sans-serif;\"><span style=\"font-size: small;\"><i>Cocteau Cocktail<\/i><\/span><\/span><\/span><span style=\"color: #000000;\"><span style=\"font-family: Century Gothic, sans-serif;\"><span style=\"font-size: small;\">, une adaptation dans\u00e9e et jou\u00e9e de <\/span><\/span><\/span><span style=\"color: #000000;\"><span style=\"font-family: Century Gothic, sans-serif;\"><span style=\"font-size: small;\"><i>la Voix Humaine <\/i><\/span><\/span><\/span><span style=\"color: #000000;\"><span style=\"font-family: Century Gothic, sans-serif;\"><span style=\"font-size: small;\">de Jean Cocteau.<\/span><\/span><\/span><\/p><p class=\"texte-(user)\"><span style=\"color: #000000;\"><span style=\"font-family: Century Gothic, sans-serif;\"><span style=\"font-size: small;\">Artiste aux multiples facettes, St\u00e9phanie danse sur des po\u00e8mes de <em>Maram al Masri<\/em> \u00e0 Auxerre ou sur ceux de <em>Gertrude Stein<\/em> \u00e0 la MC93 de Bobigny, <br \/>joue <em>Shakespeare, Goldoni <\/em>et<em> Moli\u00e8re<\/em> au Th\u00e9\u00e2tre de la Porte Saint Martin, allie danse et jeu dans les films de <em>Gao Xingjian<\/em>,\u00a0<br \/>met en sc\u00e8ne des danseurs \u00e0 Casablanca, des chanteurs en Jordanie, <br \/>devient chor\u00e9graphe pour des pi\u00e8ces de <\/span><\/span><\/span><span style=\"color: #000000;\"><span style=\"font-family: Century Gothic, sans-serif;\"><span style=\"font-size: small;\"><i>danse-Subvenire<\/i><\/span><\/span><\/span><span style=\"color: #000000;\"><span style=\"font-family: Century Gothic, sans-serif;\"><span style=\"font-size: small;\">, mais aussi pour les pi\u00e8ces de th\u00e9\u00e2tre &#8211;<\/span><\/span><\/span><span style=\"color: #000000;\"><span style=\"font-family: Century Gothic, sans-serif;\"><span style=\"font-size: small;\"><i>Le Mariage forc\u00e9 de George Dandin,Trois ruptures,<\/i><\/span><\/span><\/span> <span style=\"color: #000000;\"><span style=\"font-family: Century Gothic, sans-serif;\"><span style=\"font-size: small;\"><i>Faire Genre(S)<\/i><\/span><\/span><\/span><span style=\"color: #000000;\"><span style=\"font-family: Century Gothic, sans-serif;\"><span style=\"font-size: small;\">, <\/span><\/span><\/span><span style=\"color: #000000;\"><span style=\"font-family: Century Gothic, sans-serif;\"><span style=\"font-size: small;\"><i>Muette<\/i><\/span><\/span><\/span><span style=\"color: #000000;\"><span style=\"font-family: Century Gothic, sans-serif;\"><span style=\"font-size: small;\">, <\/span><\/span><\/span><span style=\"color: #000000;\"><span style=\"font-family: Century Gothic, sans-serif;\"><span style=\"font-size: small;\"><i>Poings.<\/i><\/span><\/span><\/span><\/p><p>Directrice artistique de la <em>CCcie<\/em>, elle cor\u00e9alise son premier film de vid\u00e9o-danse,<span style=\"color: #000000;\"><span style=\"font-family: Century Gothic, sans-serif;\"><span style=\"font-size: small;\"><i> 3 Reflets<\/i><\/span><\/span><\/span><span style=\"color: #000000;\"><span style=\"font-family: Century Gothic, sans-serif;\"><span style=\"font-size: small;\"> et co\u00e9crit le sc\u00e9nario d\u2019<\/span><\/span><\/span><span style=\"color: #000000;\"><span style=\"font-family: Century Gothic, sans-serif;\"><span style=\"font-size: small;\"><i>Armor<\/i><\/span><\/span><\/span><span style=\"color: #000000;\"><span style=\"font-family: Century Gothic, sans-serif;\"><span style=\"font-size: small;\">.\u00a0<\/span><\/span><\/span><\/p><p><span style=\"font-family: Century Gothic, sans-serif;\"><span style=\"font-size: small;\">Depuis 2019, elle fait partie du Coll\u00e8ge Artistique du C.C.I.N.P andy de groat et \u0153uvre activement \u00e0 la m\u00e9moire du travail du chor\u00e9graphe.<\/span><\/span><\/p><p><br \/><br \/><\/p>\t\t\t\t\t\t\t\t<\/div>\n\t\t\t\t<\/div>\n\t\t\t\t\t<\/div>\n\t\t<\/div>\n\t\t\t\t\t<\/div>\n\t\t<\/section>\n\t\t\t\t\t<\/div>\n\t\t<\/div>\n\t\t\t\t\t<\/div>\n\t\t<\/section>\n\t\t\t\t<section class=\"elementor-section elementor-top-section elementor-element elementor-element-f01cdd2 elementor-section-full_width elementor-section-height-default elementor-section-height-default\" data-id=\"f01cdd2\" data-element_type=\"section\" data-e-type=\"section\">\n\t\t\t\t\t\t<div class=\"elementor-container elementor-column-gap-default\">\n\t\t\t\t\t\t<\/div>\n\t\t<\/section>\n\t\t\t\t<section class=\"elementor-section elementor-top-section elementor-element elementor-element-6eefcf4 elementor-section-boxed elementor-section-height-default elementor-section-height-default\" data-id=\"6eefcf4\" data-element_type=\"section\" data-e-type=\"section\">\n\t\t\t\t\t\t<div class=\"elementor-container elementor-column-gap-default\">\n\t\t\t\t\t<div class=\"elementor-column elementor-col-50 elementor-top-column elementor-element elementor-element-b586ef4\" data-id=\"b586ef4\" data-element_type=\"column\" data-e-type=\"column\">\n\t\t\t<div class=\"elementor-widget-wrap\">\n\t\t\t\t\t\t\t<\/div>\n\t\t<\/div>\n\t\t\t\t<div class=\"elementor-column elementor-col-50 elementor-top-column elementor-element elementor-element-9737fe3\" data-id=\"9737fe3\" data-element_type=\"column\" data-e-type=\"column\">\n\t\t\t<div class=\"elementor-widget-wrap elementor-element-populated\">\n\t\t\t\t\t\t<div class=\"elementor-element elementor-element-243c819 elementor-widget elementor-widget-button\" data-id=\"243c819\" data-element_type=\"widget\" data-e-type=\"widget\" data-widget_type=\"button.default\">\n\t\t\t\t<div class=\"elementor-widget-container\">\n\t\t\t\t\t\t\t\t\t<div class=\"elementor-button-wrapper\">\n\t\t\t\t\t<a class=\"elementor-button elementor-button-link elementor-size-sm\" href=\"https:\/\/andydegroat.org\/ccinp\/biographies-de-lequipe\">\n\t\t\t\t\t\t<span class=\"elementor-button-content-wrapper\">\n\t\t\t\t\t\t\t\t\t<span class=\"elementor-button-text\">Retour<\/span>\n\t\t\t\t\t<\/span>\n\t\t\t\t\t<\/a>\n\t\t\t\t<\/div>\n\t\t\t\t\t\t\t\t<\/div>\n\t\t\t\t<\/div>\n\t\t\t\t\t<\/div>\n\t\t<\/div>\n\t\t\t\t\t<\/div>\n\t\t<\/section>\n\t\t\t\t<\/div>\n\t\t","protected":false},"excerpt":{"rendered":"<p>st\u00e9phanie bargues \u00a0 St\u00e9phanie Bargues Form\u00e9e \u00e0 la danse et \u00e0 l&rsquo;art dramatique, St\u00e9phanie Bargues d\u00e9couvre la joie d&rsquo;\u00eatre interpr\u00e8te aupr\u00e8s du chor\u00e9graphe Andy de Groat.\u00a0Apr\u00e8s de nombreuses collaborations, il [&hellip;]<\/p>\n","protected":false},"author":1,"featured_media":0,"parent":0,"menu_order":0,"comment_status":"closed","ping_status":"closed","template":"","meta":{"_uag_custom_page_level_css":"","_monsterinsights_skip_tracking":false,"_monsterinsights_sitenote_active":false,"_monsterinsights_sitenote_note":"","_monsterinsights_sitenote_category":0,"site-sidebar-layout":"no-sidebar","site-content-layout":"page-builder","ast-site-content-layout":"full-width-container","site-content-style":"unboxed","site-sidebar-style":"unboxed","ast-global-header-display":"","ast-banner-title-visibility":"","ast-main-header-display":"","ast-hfb-above-header-display":"","ast-hfb-below-header-display":"","ast-hfb-mobile-header-display":"","site-post-title":"disabled","ast-breadcrumbs-content":"","ast-featured-img":"disabled","footer-sml-layout":"","ast-disable-related-posts":"","theme-transparent-header-meta":"default","adv-header-id-meta":"","stick-header-meta":"","header-above-stick-meta":"","header-main-stick-meta":"","header-below-stick-meta":"","astra-migrate-meta-layouts":"set","ast-page-background-enabled":"default","ast-page-background-meta":{"desktop":{"background-color":"var(--ast-global-color-4)","background-image":"","background-repeat":"repeat","background-position":"center center","background-size":"auto","background-attachment":"scroll","background-type":"","background-media":"","overlay-type":"","overlay-color":"","overlay-opacity":"","overlay-gradient":""},"tablet":{"background-color":"","background-image":"","background-repeat":"repeat","background-position":"center center","background-size":"auto","background-attachment":"scroll","background-type":"","background-media":"","overlay-type":"","overlay-color":"","overlay-opacity":"","overlay-gradient":""},"mobile":{"background-color":"","background-image":"","background-repeat":"repeat","background-position":"center center","background-size":"auto","background-attachment":"scroll","background-type":"","background-media":"","overlay-type":"","overlay-color":"","overlay-opacity":"","overlay-gradient":""}},"ast-content-background-meta":{"desktop":{"background-color":"var(--ast-global-color-5)","background-image":"","background-repeat":"repeat","background-position":"center center","background-size":"auto","background-attachment":"scroll","background-type":"","background-media":"","overlay-type":"","overlay-color":"","overlay-opacity":"","overlay-gradient":""},"tablet":{"background-color":"var(--ast-global-color-5)","background-image":"","background-repeat":"repeat","background-position":"center center","background-size":"auto","background-attachment":"scroll","background-type":"","background-media":"","overlay-type":"","overlay-color":"","overlay-opacity":"","overlay-gradient":""},"mobile":{"background-color":"var(--ast-global-color-5)","background-image":"","background-repeat":"repeat","background-position":"center center","background-size":"auto","background-attachment":"scroll","background-type":"","background-media":"","overlay-type":"","overlay-color":"","overlay-opacity":"","overlay-gradient":""}},"footnotes":""},"class_list":["post-4466","page","type-page","status-publish","hentry"],"uagb_featured_image_src":{"full":false,"thumbnail":false,"medium":false,"medium_large":false,"large":false,"1536x1536":false,"2048x2048":false},"uagb_author_info":{"display_name":"admin","author_link":"https:\/\/andydegroat.org\/ccinp\/author\/admin\/"},"uagb_comment_info":0,"uagb_excerpt":"st\u00e9phanie bargues \u00a0 St\u00e9phanie Bargues Form\u00e9e \u00e0 la danse et \u00e0 l&rsquo;art dramatique, St\u00e9phanie Bargues d\u00e9couvre la joie d&rsquo;\u00eatre interpr\u00e8te aupr\u00e8s du chor\u00e9graphe Andy de Groat.\u00a0Apr\u00e8s de nombreuses collaborations, il [&hellip;]","_links":{"self":[{"href":"https:\/\/andydegroat.org\/ccinp\/wp-json\/wp\/v2\/pages\/4466","targetHints":{"allow":["GET"]}}],"collection":[{"href":"https:\/\/andydegroat.org\/ccinp\/wp-json\/wp\/v2\/pages"}],"about":[{"href":"https:\/\/andydegroat.org\/ccinp\/wp-json\/wp\/v2\/types\/page"}],"author":[{"embeddable":true,"href":"https:\/\/andydegroat.org\/ccinp\/wp-json\/wp\/v2\/users\/1"}],"replies":[{"embeddable":true,"href":"https:\/\/andydegroat.org\/ccinp\/wp-json\/wp\/v2\/comments?post=4466"}],"version-history":[{"count":31,"href":"https:\/\/andydegroat.org\/ccinp\/wp-json\/wp\/v2\/pages\/4466\/revisions"}],"predecessor-version":[{"id":4774,"href":"https:\/\/andydegroat.org\/ccinp\/wp-json\/wp\/v2\/pages\/4466\/revisions\/4774"}],"wp:attachment":[{"href":"https:\/\/andydegroat.org\/ccinp\/wp-json\/wp\/v2\/media?parent=4466"}],"curies":[{"name":"wp","href":"https:\/\/api.w.org\/{rel}","templated":true}]}}