{"id":4093,"date":"2025-11-19T11:20:28","date_gmt":"2025-11-19T11:20:28","guid":{"rendered":"https:\/\/andydegroat.org\/ccinp\/?page_id=4093"},"modified":"2026-03-09T12:27:16","modified_gmt":"2026-03-09T12:27:16","slug":"pedagogie-transmissions","status":"publish","type":"page","link":"https:\/\/andydegroat.org\/ccinp\/pedagogie-transmissions\/","title":{"rendered":"P\u00e9dagogie transmissions"},"content":{"rendered":"\t\t<div data-elementor-type=\"wp-page\" data-elementor-id=\"4093\" class=\"elementor elementor-4093\">\n\t\t\t\t\t\t<section class=\"elementor-section elementor-top-section elementor-element elementor-element-7d835990 elementor-hidden-desktop elementor-hidden-tablet elementor-hidden-mobile elementor-section-boxed elementor-section-height-default elementor-section-height-default\" data-id=\"7d835990\" data-element_type=\"section\" data-e-type=\"section\">\n\t\t\t\t\t\t<div class=\"elementor-container elementor-column-gap-default\">\n\t\t\t\t\t<div class=\"elementor-column elementor-col-100 elementor-top-column elementor-element elementor-element-5f4d289b\" data-id=\"5f4d289b\" data-element_type=\"column\" data-e-type=\"column\">\n\t\t\t<div class=\"elementor-widget-wrap elementor-element-populated\">\n\t\t\t\t\t\t<div class=\"elementor-element elementor-element-73493856 elementor-widget elementor-widget-heading\" data-id=\"73493856\" data-element_type=\"widget\" data-e-type=\"widget\" data-widget_type=\"heading.default\">\n\t\t\t\t<div class=\"elementor-widget-container\">\n\t\t\t\t\t<h2 class=\"elementor-heading-title elementor-size-default\">Le CCINP Transmet<\/h2>\t\t\t\t<\/div>\n\t\t\t\t<\/div>\n\t\t\t\t\t<\/div>\n\t\t<\/div>\n\t\t\t\t\t<\/div>\n\t\t<\/section>\n\t\t\t\t<section class=\"elementor-section elementor-top-section elementor-element elementor-element-bfa1d6c elementor-section-full_width elementor-section-height-default elementor-section-height-default\" data-id=\"bfa1d6c\" data-element_type=\"section\" data-e-type=\"section\">\n\t\t\t\t\t\t<div class=\"elementor-container elementor-column-gap-default\">\n\t\t\t\t\t<div class=\"elementor-column elementor-col-100 elementor-top-column elementor-element elementor-element-f387eb8\" data-id=\"f387eb8\" data-element_type=\"column\" data-e-type=\"column\">\n\t\t\t<div class=\"elementor-widget-wrap elementor-element-populated\">\n\t\t\t\t\t\t<div class=\"elementor-element elementor-element-e2ca6b5 elementor-widget elementor-widget-heading\" data-id=\"e2ca6b5\" data-element_type=\"widget\" data-e-type=\"widget\" data-widget_type=\"heading.default\">\n\t\t\t\t<div class=\"elementor-widget-container\">\n\t\t\t\t\t<h2 class=\"elementor-heading-title elementor-size-default\">Le CCINP Transmet<\/h2>\t\t\t\t<\/div>\n\t\t\t\t<\/div>\n\t\t\t\t<section class=\"elementor-section elementor-inner-section elementor-element elementor-element-4b57e2bf elementor-section-full_width elementor-section-height-default elementor-section-height-default\" data-id=\"4b57e2bf\" data-element_type=\"section\" data-e-type=\"section\">\n\t\t\t\t\t\t<div class=\"elementor-container elementor-column-gap-default\">\n\t\t\t\t\t<div class=\"elementor-column elementor-col-50 elementor-inner-column elementor-element elementor-element-2ceabbcd\" data-id=\"2ceabbcd\" data-element_type=\"column\" data-e-type=\"column\">\n\t\t\t<div class=\"elementor-widget-wrap elementor-element-populated\">\n\t\t\t\t\t\t<div class=\"elementor-element elementor-element-32be263c elementor-widget elementor-widget-image\" data-id=\"32be263c\" data-element_type=\"widget\" data-e-type=\"widget\" data-widget_type=\"image.default\">\n\t\t\t\t<div class=\"elementor-widget-container\">\n\t\t\t\t\t\t\t\t\t\t\t\t\t\t\t<img decoding=\"async\" src=\"https:\/\/andydegroat.org\/ccinp\/wp-content\/uploads\/elementor\/thumbs\/NOTES-ET-DESSIN-3-scaled-rjamekx1qd3h9c8u19882gyxs44s460grtk2y0ib68.jpg\" title=\"NOTES ET DESSIN-3\" alt=\"Transmission P\u00e9dagogie workshop\" loading=\"lazy\" \/>\t\t\t\t\t\t\t\t\t\t\t\t\t\t\t<\/div>\n\t\t\t\t<\/div>\n\t\t\t\t\t<\/div>\n\t\t<\/div>\n\t\t\t\t<div class=\"elementor-column elementor-col-50 elementor-inner-column elementor-element elementor-element-18efc7e2\" data-id=\"18efc7e2\" data-element_type=\"column\" data-e-type=\"column\">\n\t\t\t<div class=\"elementor-widget-wrap elementor-element-populated\">\n\t\t\t\t\t\t<div class=\"elementor-element elementor-element-c9761c6 elementor-widget elementor-widget-text-editor\" data-id=\"c9761c6\" data-element_type=\"widget\" data-e-type=\"widget\" data-widget_type=\"text-editor.default\">\n\t\t\t\t<div class=\"elementor-widget-container\">\n\t\t\t\t\t\t\t\t\t<p><strong>L&rsquo;une des missions du CCINP andy de groat\u00a0 est de faire connaitre l\u2019oeuvre du chor\u00e9graphe via :<br \/>des Ateliers, des Workshops et des Transmissions.<\/strong><\/p><p>Nous partageons avec des lyc\u00e9ens en sp\u00e9cialit\u00e9 danse, des danseurs amateurs et professionnels, des chercheurs.<\/p><p style=\"text-align: right;\"><br \/><a href=\"http:\/\/contact@andydegroat.org\" target=\"_blank\" rel=\"nofollow noopener\">Nous contacter<\/a><\/p><p style=\"text-align: right;\"><a href=\"https:\/\/olivierclarge.wixsite.com\/andy-de-groat\/propositions-d-ateliers-repertoire\" target=\"_blank\" rel=\"nofollow noopener\">En savoir plus<\/a><\/p><p>\u00a0<\/p>\t\t\t\t\t\t\t\t<\/div>\n\t\t\t\t<\/div>\n\t\t\t\t<div class=\"elementor-element elementor-element-228bb0ca elementor-widget elementor-widget-text-editor\" data-id=\"228bb0ca\" data-element_type=\"widget\" data-e-type=\"widget\" data-widget_type=\"text-editor.default\">\n\t\t\t\t<div class=\"elementor-widget-container\">\n\t\t\t\t\t\t\t\t\t<p><strong>1\/ D.A.R.<\/strong>\u00a0Red Notes<\/p><p>En 2025 \u00e0 l&rsquo;occasion du projet <a href=\"https:\/\/www.cnd.fr\/fr\/section\/77-danse-en-amateur-et-repertoire\" target=\"_blank\" rel=\"nofollow noopener\"><span style=\"text-decoration: underline;\"><strong>D<\/strong>anse en <strong>A<\/strong>mateur et <strong>R<\/strong>\u00e9pertoire<\/span><\/a>,<br \/>le CCINP transmet Red Notes \u00e0 <a href=\"https:\/\/lanouvellevaguecreative.net\/\" target=\"_blank\" rel=\"noopener nofollow\">\u00ab\u00a0<span style=\"text-decoration: underline;\"><span style=\"color: #339966; text-decoration: underline;\"><strong>La nouvelle vague<\/strong><\/span><\/span>\u00a0\u00bb <\/a>groupe amateur, dirig\u00e9 par Pascal Belly.<br \/>Ce groupe\u00a0 compos\u00e9 de professionnels de la toute petite enfance enrichissent leur savoirs d&rsquo;exp\u00e9riences et de rencontres artistiques.<br \/><a href=\"https:\/\/www.instagram.com\/langrypierreemmanuel\/\" target=\"_blank\" rel=\"nofollow noopener\"><strong><span style=\"text-decoration: underline;\">Pierre-Emmanuel Langry<\/span><\/strong><\/a> chor\u00e9graphe notateur, se propose de leur transmettre un extrait de Red Notes et nous convie \u00e0 l&rsquo;accompagner. Aussi Do Brunet, Lola Kervoedran et Martin Barr\u00e9 rencontreront les participant.e.s \u00e0 l&rsquo;occasion de quelques ateliers.<br \/>No\u00eblle Simonet notatrice\u00a0 interviendra au sujet de la partition de Red Notes version 2022, qu&rsquo;elle a not\u00e9 avec Vincent Lenfant, notation command\u00e9e par le CCINP, lors de sa r\u00e9-activation .<\/p>\t\t\t\t\t\t\t\t<\/div>\n\t\t\t\t<\/div>\n\t\t\t\t<div class=\"elementor-element elementor-element-e4e5fc0 elementor-widget elementor-widget-text-editor\" data-id=\"e4e5fc0\" data-element_type=\"widget\" data-e-type=\"widget\" data-widget_type=\"text-editor.default\">\n\t\t\t\t<div class=\"elementor-widget-container\">\n\t\t\t\t\t\t\t\t\t<p><strong>Voir la restitution de <a href=\"https:\/\/numeridanse.com\/publication\/red-notes-transmission-2025\/\" target=\"_blank\" rel=\"nofollow noopener\">Red Notes<\/a> du 14 Juin 2025 \u00e0 la Com\u00e9die de Clermont-Ferrand.<\/strong><\/p>\t\t\t\t\t\t\t\t<\/div>\n\t\t\t\t<\/div>\n\t\t\t\t\t<\/div>\n\t\t<\/div>\n\t\t\t\t\t<\/div>\n\t\t<\/section>\n\t\t\t\t\t<\/div>\n\t\t<\/div>\n\t\t\t\t\t<\/div>\n\t\t<\/section>\n\t\t\t\t<section class=\"elementor-section elementor-top-section elementor-element elementor-element-57472426 elementor-section-full_width elementor-section-height-default elementor-section-height-default\" data-id=\"57472426\" data-element_type=\"section\" data-e-type=\"section\">\n\t\t\t\t\t\t<div class=\"elementor-container elementor-column-gap-default\">\n\t\t\t\t\t\t<\/div>\n\t\t<\/section>\n\t\t\t\t<section class=\"elementor-section elementor-top-section elementor-element elementor-element-32a26e2 elementor-section-boxed elementor-section-height-default elementor-section-height-default\" data-id=\"32a26e2\" data-element_type=\"section\" data-e-type=\"section\">\n\t\t\t\t\t\t<div class=\"elementor-container elementor-column-gap-default\">\n\t\t\t\t\t<div class=\"elementor-column elementor-col-100 elementor-top-column elementor-element elementor-element-0d8df4d\" data-id=\"0d8df4d\" data-element_type=\"column\" data-e-type=\"column\">\n\t\t\t<div class=\"elementor-widget-wrap elementor-element-populated\">\n\t\t\t\t\t\t<div class=\"elementor-element elementor-element-eeda9cd elementor-widget-divider--view-line elementor-widget elementor-widget-divider\" data-id=\"eeda9cd\" data-element_type=\"widget\" data-e-type=\"widget\" data-widget_type=\"divider.default\">\n\t\t\t\t<div class=\"elementor-widget-container\">\n\t\t\t\t\t\t\t<div class=\"elementor-divider\">\n\t\t\t<span class=\"elementor-divider-separator\">\n\t\t\t\t\t\t<\/span>\n\t\t<\/div>\n\t\t\t\t\t\t<\/div>\n\t\t\t\t<\/div>\n\t\t\t\t\t<\/div>\n\t\t<\/div>\n\t\t\t\t\t<\/div>\n\t\t<\/section>\n\t\t\t\t<section class=\"elementor-section elementor-top-section elementor-element elementor-element-fe3b29d elementor-section-boxed elementor-section-height-default elementor-section-height-default\" data-id=\"fe3b29d\" data-element_type=\"section\" data-e-type=\"section\">\n\t\t\t\t\t\t<div class=\"elementor-container elementor-column-gap-default\">\n\t\t\t\t\t<div class=\"elementor-column elementor-col-50 elementor-top-column elementor-element elementor-element-a92abb2\" data-id=\"a92abb2\" data-element_type=\"column\" data-e-type=\"column\">\n\t\t\t<div class=\"elementor-widget-wrap\">\n\t\t\t\t\t\t\t<\/div>\n\t\t<\/div>\n\t\t\t\t<div class=\"elementor-column elementor-col-50 elementor-top-column elementor-element elementor-element-8639c77\" data-id=\"8639c77\" data-element_type=\"column\" data-e-type=\"column\">\n\t\t\t<div class=\"elementor-widget-wrap\">\n\t\t\t\t\t\t\t<\/div>\n\t\t<\/div>\n\t\t\t\t\t<\/div>\n\t\t<\/section>\n\t\t\t\t<section class=\"elementor-section elementor-top-section elementor-element elementor-element-fccc752 elementor-section-boxed elementor-section-height-default elementor-section-height-default\" data-id=\"fccc752\" data-element_type=\"section\" data-e-type=\"section\">\n\t\t\t\t\t\t<div class=\"elementor-container elementor-column-gap-default\">\n\t\t\t\t\t<div class=\"elementor-column elementor-col-50 elementor-top-column elementor-element elementor-element-98f4840\" data-id=\"98f4840\" data-element_type=\"column\" data-e-type=\"column\">\n\t\t\t<div class=\"elementor-widget-wrap elementor-element-populated\">\n\t\t\t\t\t\t<div class=\"elementor-element elementor-element-0a5cbbd elementor-widget elementor-widget-image\" data-id=\"0a5cbbd\" data-element_type=\"widget\" data-e-type=\"widget\" data-widget_type=\"image.default\">\n\t\t\t\t<div class=\"elementor-widget-container\">\n\t\t\t\t\t\t\t\t\t\t\t\t<figure class=\"wp-caption\">\n\t\t\t\t\t\t\t\t\t\t<img fetchpriority=\"high\" decoding=\"async\" width=\"500\" height=\"391\" src=\"https:\/\/andydegroat.org\/ccinp\/wp-content\/uploads\/2024\/03\/Capture-decran-Sylvester-cnd-e1709803072375.png\" class=\"attachment-large size-large wp-image-3930\" alt=\"Fan Dance version Sylvester\" \/>\t\t\t\t\t\t\t\t\t\t\t<figcaption class=\"widget-image-caption wp-caption-text\">\u00a9 CND  \/ Danseurs de l'AID \/ Fan Dance version Sylvester<\/figcaption>\n\t\t\t\t\t\t\t\t\t\t<\/figure>\n\t\t\t\t\t\t\t\t\t<\/div>\n\t\t\t\t<\/div>\n\t\t\t\t<div class=\"elementor-element elementor-element-ce17bef elementor-widget elementor-widget-text-editor\" data-id=\"ce17bef\" data-element_type=\"widget\" data-e-type=\"widget\" data-widget_type=\"text-editor.default\">\n\t\t\t\t<div class=\"elementor-widget-container\">\n\t\t\t\t\t\t\t\t\t<h1><span style=\"color: #06a230;\"><em>transmission<\/em><\/span><\/h1><h6 style=\"text-align: center;\"><span style=\"color: #06a230;\"><em><strong>Les danseurs du CCINP transmettent : <\/strong><\/em><\/span><\/h6><p style=\"text-align: center;\"><strong><a href=\"https:\/\/andydegroat.org\/ccinp\/fan-dance\/\" target=\"_blank\" rel=\"noopener\">Fan Dance<\/a>, <a href=\"https:\/\/andydegroat.org\/ccinp\/fan-dance\/\" target=\"_blank\" rel=\"noopener\">Fan Dance version Sylvester<\/a>, <\/strong><\/p><p style=\"text-align: center;\"><strong><a href=\"https:\/\/andydegroat.org\/ccinp\/les-pieces\/\" target=\"_blank\" rel=\"noopener\">Red Notes<\/a>, <a href=\"https:\/\/vimeo.com\/435650073\" target=\"_blank\" rel=\"noopener nofollow\">Strange fruit<\/a>&#8230;<\/strong><\/p><p style=\"text-align: center;\"><a href=\"https:\/\/andydegroat.org\/ccinp\/contact\/\">NOUS CONTACTER<\/a> pour en savoir plus ou mettre en place les ateliers&#8230;<\/p>\t\t\t\t\t\t\t\t<\/div>\n\t\t\t\t<\/div>\n\t\t\t\t\t<\/div>\n\t\t<\/div>\n\t\t\t\t<div class=\"elementor-column elementor-col-50 elementor-top-column elementor-element elementor-element-8d62fc5\" data-id=\"8d62fc5\" data-element_type=\"column\" data-e-type=\"column\">\n\t\t\t<div class=\"elementor-widget-wrap elementor-element-populated\">\n\t\t\t\t\t\t<div class=\"elementor-element elementor-element-738bb0d elementor-widget elementor-widget-image\" data-id=\"738bb0d\" data-element_type=\"widget\" data-e-type=\"widget\" data-widget_type=\"image.default\">\n\t\t\t\t<div class=\"elementor-widget-container\">\n\t\t\t\t\t\t\t\t\t\t\t\t<figure class=\"wp-caption\">\n\t\t\t\t\t\t\t\t\t\t<img decoding=\"async\" width=\"1024\" height=\"485\" src=\"https:\/\/andydegroat.org\/ccinp\/wp-content\/uploads\/2026\/03\/photo-eleves-1024x485.jpg\" class=\"attachment-large size-large wp-image-4858\" alt=\"les danseurs transmettent\" srcset=\"https:\/\/andydegroat.org\/ccinp\/wp-content\/uploads\/2026\/03\/photo-eleves-1024x485.jpg 1024w, https:\/\/andydegroat.org\/ccinp\/wp-content\/uploads\/2026\/03\/photo-eleves-300x142.jpg 300w, https:\/\/andydegroat.org\/ccinp\/wp-content\/uploads\/2026\/03\/photo-eleves-768x363.jpg 768w, https:\/\/andydegroat.org\/ccinp\/wp-content\/uploads\/2026\/03\/photo-eleves.jpg 1067w\" sizes=\"(max-width: 1024px) 100vw, 1024px\" \/>\t\t\t\t\t\t\t\t\t\t\t<figcaption class=\"widget-image-caption wp-caption-text\">\u00a9 CCINP \/ \u00e9l\u00e8ves Lyc\u00e9ens Narbonne \/ Swan Lac<\/figcaption>\n\t\t\t\t\t\t\t\t\t\t<\/figure>\n\t\t\t\t\t\t\t\t\t<\/div>\n\t\t\t\t<\/div>\n\t\t\t\t\t<\/div>\n\t\t<\/div>\n\t\t\t\t\t<\/div>\n\t\t<\/section>\n\t\t\t\t<\/div>\n\t\t","protected":false},"excerpt":{"rendered":"<p>Le CCINP Transmet Le CCINP Transmet L&rsquo;une des missions du CCINP andy de groat\u00a0 est de faire connaitre l\u2019oeuvre du chor\u00e9graphe via :des Ateliers, des Workshops et des Transmissions. Nous [&hellip;]<\/p>\n","protected":false},"author":1,"featured_media":0,"parent":0,"menu_order":0,"comment_status":"closed","ping_status":"closed","template":"","meta":{"_uag_custom_page_level_css":"","_monsterinsights_skip_tracking":false,"_monsterinsights_sitenote_active":false,"_monsterinsights_sitenote_note":"","_monsterinsights_sitenote_category":0,"site-sidebar-layout":"no-sidebar","site-content-layout":"page-builder","ast-site-content-layout":"default","site-content-style":"default","site-sidebar-style":"default","ast-global-header-display":"","ast-banner-title-visibility":"","ast-main-header-display":"","ast-hfb-above-header-display":"","ast-hfb-below-header-display":"","ast-hfb-mobile-header-display":"","site-post-title":"disabled","ast-breadcrumbs-content":"","ast-featured-img":"disabled","footer-sml-layout":"","ast-disable-related-posts":"","theme-transparent-header-meta":"","adv-header-id-meta":"","stick-header-meta":"","header-above-stick-meta":"","header-main-stick-meta":"","header-below-stick-meta":"","astra-migrate-meta-layouts":"default","ast-page-background-enabled":"default","ast-page-background-meta":{"desktop":{"background-color":"var(--ast-global-color-4)","background-image":"","background-repeat":"repeat","background-position":"center center","background-size":"auto","background-attachment":"scroll","background-type":"","background-media":"","overlay-type":"","overlay-color":"","overlay-opacity":"","overlay-gradient":""},"tablet":{"background-color":"","background-image":"","background-repeat":"repeat","background-position":"center center","background-size":"auto","background-attachment":"scroll","background-type":"","background-media":"","overlay-type":"","overlay-color":"","overlay-opacity":"","overlay-gradient":""},"mobile":{"background-color":"","background-image":"","background-repeat":"repeat","background-position":"center center","background-size":"auto","background-attachment":"scroll","background-type":"","background-media":"","overlay-type":"","overlay-color":"","overlay-opacity":"","overlay-gradient":""}},"ast-content-background-meta":{"desktop":{"background-color":"var(--ast-global-color-5)","background-image":"","background-repeat":"repeat","background-position":"center center","background-size":"auto","background-attachment":"scroll","background-type":"","background-media":"","overlay-type":"","overlay-color":"","overlay-opacity":"","overlay-gradient":""},"tablet":{"background-color":"var(--ast-global-color-5)","background-image":"","background-repeat":"repeat","background-position":"center center","background-size":"auto","background-attachment":"scroll","background-type":"","background-media":"","overlay-type":"","overlay-color":"","overlay-opacity":"","overlay-gradient":""},"mobile":{"background-color":"var(--ast-global-color-5)","background-image":"","background-repeat":"repeat","background-position":"center center","background-size":"auto","background-attachment":"scroll","background-type":"","background-media":"","overlay-type":"","overlay-color":"","overlay-opacity":"","overlay-gradient":""}},"footnotes":""},"class_list":["post-4093","page","type-page","status-publish","hentry"],"uagb_featured_image_src":{"full":false,"thumbnail":false,"medium":false,"medium_large":false,"large":false,"1536x1536":false,"2048x2048":false},"uagb_author_info":{"display_name":"admin","author_link":"https:\/\/andydegroat.org\/ccinp\/author\/admin\/"},"uagb_comment_info":0,"uagb_excerpt":"Le CCINP Transmet Le CCINP Transmet L&rsquo;une des missions du CCINP andy de groat\u00a0 est de faire connaitre l\u2019oeuvre du chor\u00e9graphe via :des Ateliers, des Workshops et des Transmissions. Nous [&hellip;]","_links":{"self":[{"href":"https:\/\/andydegroat.org\/ccinp\/wp-json\/wp\/v2\/pages\/4093","targetHints":{"allow":["GET"]}}],"collection":[{"href":"https:\/\/andydegroat.org\/ccinp\/wp-json\/wp\/v2\/pages"}],"about":[{"href":"https:\/\/andydegroat.org\/ccinp\/wp-json\/wp\/v2\/types\/page"}],"author":[{"embeddable":true,"href":"https:\/\/andydegroat.org\/ccinp\/wp-json\/wp\/v2\/users\/1"}],"replies":[{"embeddable":true,"href":"https:\/\/andydegroat.org\/ccinp\/wp-json\/wp\/v2\/comments?post=4093"}],"version-history":[{"count":52,"href":"https:\/\/andydegroat.org\/ccinp\/wp-json\/wp\/v2\/pages\/4093\/revisions"}],"predecessor-version":[{"id":4877,"href":"https:\/\/andydegroat.org\/ccinp\/wp-json\/wp\/v2\/pages\/4093\/revisions\/4877"}],"wp:attachment":[{"href":"https:\/\/andydegroat.org\/ccinp\/wp-json\/wp\/v2\/media?parent=4093"}],"curies":[{"name":"wp","href":"https:\/\/api.w.org\/{rel}","templated":true}]}}