{"id":293,"date":"2021-07-09T10:45:04","date_gmt":"2021-07-09T10:45:04","guid":{"rendered":"https:\/\/andydegroat.org\/ccinp\/?page_id=293"},"modified":"2026-02-18T14:37:54","modified_gmt":"2026-02-18T14:37:54","slug":"pourquoi-le-c-c-i-n-p-andy-de-groat","status":"publish","type":"page","link":"https:\/\/andydegroat.org\/ccinp\/pourquoi-le-c-c-i-n-p-andy-de-groat\/","title":{"rendered":"pourquoi le C.C.I.N.P. &#8211; andy de groat\u00a0?"},"content":{"rendered":"\t\t<div data-elementor-type=\"wp-page\" data-elementor-id=\"293\" class=\"elementor elementor-293\">\n\t\t\t\t\t\t<section class=\"elementor-section elementor-top-section elementor-element elementor-element-7d59f83 elementor-hidden-desktop elementor-hidden-tablet elementor-hidden-phone elementor-section-boxed elementor-section-height-default elementor-section-height-default\" data-id=\"7d59f83\" data-element_type=\"section\" data-e-type=\"section\">\n\t\t\t\t\t\t<div class=\"elementor-container elementor-column-gap-default\">\n\t\t\t\t\t<div class=\"elementor-column elementor-col-100 elementor-top-column elementor-element elementor-element-f764d0a\" data-id=\"f764d0a\" data-element_type=\"column\" data-e-type=\"column\">\n\t\t\t<div class=\"elementor-widget-wrap elementor-element-populated\">\n\t\t\t\t\t\t<section class=\"elementor-section elementor-inner-section elementor-element elementor-element-4c9d23b elementor-section-boxed elementor-section-height-default elementor-section-height-default\" data-id=\"4c9d23b\" data-element_type=\"section\" data-e-type=\"section\">\n\t\t\t\t\t\t<div class=\"elementor-container elementor-column-gap-default\">\n\t\t\t\t\t<div class=\"elementor-column elementor-col-100 elementor-inner-column elementor-element elementor-element-a8ac375\" data-id=\"a8ac375\" data-element_type=\"column\" data-e-type=\"column\">\n\t\t\t<div class=\"elementor-widget-wrap elementor-element-populated\">\n\t\t\t\t\t\t<div class=\"elementor-element elementor-element-e39e256 elementor-widget elementor-widget-text-editor\" data-id=\"e39e256\" data-element_type=\"widget\" data-e-type=\"widget\" data-widget_type=\"text-editor.default\">\n\t\t\t\t<div class=\"elementor-widget-container\">\n\t\t\t\t\t\t\t\t\t<p>pourquoi le C.C.I.N.P. &#8211; andy de groat\u00a0?<\/p>\t\t\t\t\t\t\t\t<\/div>\n\t\t\t\t<\/div>\n\t\t\t\t\t<\/div>\n\t\t<\/div>\n\t\t\t\t\t<\/div>\n\t\t<\/section>\n\t\t\t\t\t<\/div>\n\t\t<\/div>\n\t\t\t\t\t<\/div>\n\t\t<\/section>\n\t\t\t\t<section class=\"elementor-section elementor-top-section elementor-element elementor-element-9ce2090 elementor-section-full_width elementor-section-stretched elementor-hidden-desktop elementor-hidden-tablet elementor-hidden-mobile elementor-section-height-default elementor-section-height-default\" data-id=\"9ce2090\" data-element_type=\"section\" data-e-type=\"section\" data-settings=\"{&quot;stretch_section&quot;:&quot;section-stretched&quot;}\">\n\t\t\t\t\t\t<div class=\"elementor-container elementor-column-gap-default\">\n\t\t\t\t\t<div class=\"elementor-column elementor-col-100 elementor-top-column elementor-element elementor-element-8ac384d\" data-id=\"8ac384d\" data-element_type=\"column\" data-e-type=\"column\">\n\t\t\t<div class=\"elementor-widget-wrap elementor-element-populated\">\n\t\t\t\t\t\t<div class=\"elementor-element elementor-element-8d029d3 elementor-widget elementor-widget-text-editor\" data-id=\"8d029d3\" data-element_type=\"widget\" data-e-type=\"widget\" data-widget_type=\"text-editor.default\">\n\t\t\t\t<div class=\"elementor-widget-container\">\n\t\t\t\t\t\t\t\t\t<p>pourquoi le C.C.I.N.P. &#8211; andy de groat\u00a0?<\/p>\t\t\t\t\t\t\t\t<\/div>\n\t\t\t\t<\/div>\n\t\t\t\t\t<\/div>\n\t\t<\/div>\n\t\t\t\t\t<\/div>\n\t\t<\/section>\n\t\t\t\t<section class=\"elementor-section elementor-top-section elementor-element elementor-element-fd13530 elementor-section-full_width elementor-section-height-default elementor-section-height-default\" data-id=\"fd13530\" data-element_type=\"section\" data-e-type=\"section\">\n\t\t\t\t\t\t<div class=\"elementor-container elementor-column-gap-default\">\n\t\t\t\t\t<div class=\"elementor-column elementor-col-100 elementor-top-column elementor-element elementor-element-840c3e7\" data-id=\"840c3e7\" data-element_type=\"column\" data-e-type=\"column\">\n\t\t\t<div class=\"elementor-widget-wrap elementor-element-populated\">\n\t\t\t\t\t\t<div class=\"elementor-element elementor-element-75fd781 elementor-widget elementor-widget-heading\" data-id=\"75fd781\" data-element_type=\"widget\" data-e-type=\"widget\" data-widget_type=\"heading.default\">\n\t\t\t\t<div class=\"elementor-widget-container\">\n\t\t\t\t\t<h2 class=\"elementor-heading-title elementor-size-default\">pourquoi le C.C.I.N.P. \u2013 andy de groat ?<\/h2>\t\t\t\t<\/div>\n\t\t\t\t<\/div>\n\t\t\t\t\t<\/div>\n\t\t<\/div>\n\t\t\t\t\t<\/div>\n\t\t<\/section>\n\t\t\t\t<section class=\"elementor-section elementor-top-section elementor-element elementor-element-3b56c50 elementor-section-stretched elementor-section-full_width elementor-section-height-default elementor-section-height-default\" data-id=\"3b56c50\" data-element_type=\"section\" data-e-type=\"section\" data-settings=\"{&quot;stretch_section&quot;:&quot;section-stretched&quot;}\">\n\t\t\t\t\t\t<div class=\"elementor-container elementor-column-gap-extended\">\n\t\t\t\t\t<div class=\"elementor-column elementor-col-100 elementor-top-column elementor-element elementor-element-9c8e5e0\" data-id=\"9c8e5e0\" data-element_type=\"column\" data-e-type=\"column\">\n\t\t\t<div class=\"elementor-widget-wrap elementor-element-populated\">\n\t\t\t\t\t\t<section class=\"elementor-section elementor-inner-section elementor-element elementor-element-da03ec9 elementor-section-full_width elementor-section-height-default elementor-section-height-default\" data-id=\"da03ec9\" data-element_type=\"section\" data-e-type=\"section\">\n\t\t\t\t\t\t<div class=\"elementor-container elementor-column-gap-default\">\n\t\t\t\t\t<div class=\"elementor-column elementor-col-50 elementor-inner-column elementor-element elementor-element-df27d78\" data-id=\"df27d78\" data-element_type=\"column\" data-e-type=\"column\">\n\t\t\t<div class=\"elementor-widget-wrap elementor-element-populated\">\n\t\t\t\t\t\t<div class=\"elementor-element elementor-element-1fc5916 elementor-widget elementor-widget-text-editor\" data-id=\"1fc5916\" data-element_type=\"widget\" data-e-type=\"widget\" data-widget_type=\"text-editor.default\">\n\t\t\t\t<div class=\"elementor-widget-container\">\n\t\t\t\t\t\t\t\t\t<p>Si une structure telle que le C.C.I.N.P. \u00ad andy de groat a paru indispensable \u00e0 la <a href=\"https:\/\/andydegroat.org\/ccinp\/equipe\/\">bande<\/a> que nous sommes (anciens de chez Andy : danseurs ou collaborateurs, sur le plateau, en coulisse, derri\u00e8re la r\u00e9gie ou derri\u00e8re un bureau) c\u2019est tout d\u2019abord pour r\u00e9pondre \u00e0 la question de savoir ce qu\u2019Andy nous a laiss\u00e9.<\/p><p>Au sens mat\u00e9riel, celui des archives, c\u2019est ce que cinquante ans de travail pour plus de soixante cr\u00e9ations ont fini par laisser de notes personnelles et dessins, de costumes, de d\u00e9cors, de photos, de vid\u00e9os, d\u2019enregistrement sonores, d\u2019affiches, d\u2019articles, ou de documents en tous genres.<\/p><p>Au sens immat\u00e9riel, celui de la culture dans sa d\u00e9finition premi\u00e8re, ce qu\u2019Andy nous laisse c\u2019est une fa\u00e7on tr\u00e8s particuli\u00e8re d\u2019aborder la cr\u00e9ation artistique dans son ensemble. C\u2019est aussi son influence aupr\u00e8s des chor\u00e9graphes fran\u00e7ais, ainsi que des danseurs dont il a contribu\u00e9 \u00e0 l\u2019\u00e9mergence avec enthousiasme et g\u00e9n\u00e9rosit\u00e9.<\/p>\t\t\t\t\t\t\t\t<\/div>\n\t\t\t\t<\/div>\n\t\t\t\t\t<\/div>\n\t\t<\/div>\n\t\t\t\t<div class=\"elementor-column elementor-col-50 elementor-inner-column elementor-element elementor-element-a648204\" data-id=\"a648204\" data-element_type=\"column\" data-e-type=\"column\">\n\t\t\t<div class=\"elementor-widget-wrap elementor-element-populated\">\n\t\t\t\t\t\t<div class=\"elementor-element elementor-element-2d5ca73 elementor-widget elementor-widget-text-editor\" data-id=\"2d5ca73\" data-element_type=\"widget\" data-e-type=\"widget\" data-widget_type=\"text-editor.default\">\n\t\t\t\t<div class=\"elementor-widget-container\">\n\t\t\t\t\t\t\t\t\t<p>Il s\u2019agira donc de r\u00e9unir un fond approfondi et diversifi\u00e9 pour faire d\u00e9couvrir son \u0153uvre, la voir ou la revoir, tout en transmettant la vivacit\u00e9 et la curiosit\u00e9 de l\u2019homme.<\/p><p>L\u2019id\u00e9e principale est que ce fond puisse devenir un outil dont l\u2019objectif serait de reconstituer de pr\u00e9server et de diffuser la m\u00e9moire d\u2019Andy de Groat et de retrouver les traces de l\u2019impact majeur de son travail.<\/p><p>Car, si la reprise des pi\u00e8ces du r\u00e9pertoire d\u2019Andy de Groat ou m\u00eame les r\u00e9\u00e9critures et rem\u00e2chages &#8211; dont Andy \u00e9tait friand &#8211; avec des \u00e9tudiant\u00b7e\u00b7s ou amateur\u00b7rice\u00b7s ont jalonn\u00e9 l\u2019activit\u00e9 de la compagnie Red Notes depuis tr\u00e8s longtemps, le d\u00e9c\u00e8s du chor\u00e9graphe a vu les demandes de transmission se multiplier. Il devient donc n\u00e9cessaire de s\u2019\u00e9quiper des mat\u00e9riaux utiles \u00e0 ces r\u00e9activations et ainsi encourager et faciliter tous les \u00e9v\u00e8nements propices \u00e0 faire connaitre ou red\u00e9couvrir l\u2019\u00e9criture chor\u00e9graphique, la pens\u00e9e et l\u2019impulsion de ce chor\u00e9graphe am\u00e9ricain qui avait choisi la France comme pays de cr\u00e9ation.<\/p>\t\t\t\t\t\t\t\t<\/div>\n\t\t\t\t<\/div>\n\t\t\t\t\t<\/div>\n\t\t<\/div>\n\t\t\t\t\t<\/div>\n\t\t<\/section>\n\t\t\t\t\t<\/div>\n\t\t<\/div>\n\t\t\t\t\t<\/div>\n\t\t<\/section>\n\t\t\t\t<section class=\"elementor-section elementor-top-section elementor-element elementor-element-cf7310d elementor-section-boxed elementor-section-height-default elementor-section-height-default\" data-id=\"cf7310d\" data-element_type=\"section\" data-e-type=\"section\">\n\t\t\t\t\t\t<div class=\"elementor-container elementor-column-gap-default\">\n\t\t\t\t\t<div class=\"elementor-column elementor-col-50 elementor-top-column elementor-element elementor-element-6f12c8e\" data-id=\"6f12c8e\" data-element_type=\"column\" data-e-type=\"column\">\n\t\t\t<div class=\"elementor-widget-wrap elementor-element-populated\">\n\t\t\t\t\t\t<div class=\"elementor-element elementor-element-f156008 elementor-align-right elementor-widget elementor-widget-button\" data-id=\"f156008\" data-element_type=\"widget\" data-e-type=\"widget\" data-widget_type=\"button.default\">\n\t\t\t\t<div class=\"elementor-widget-container\">\n\t\t\t\t\t\t\t\t\t<div class=\"elementor-button-wrapper\">\n\t\t\t\t\t<a class=\"elementor-button elementor-button-link elementor-size-sm\" href=\"https:\/\/andydegroat.org\/ccinp\/equipe\/\">\n\t\t\t\t\t\t<span class=\"elementor-button-content-wrapper\">\n\t\t\t\t\t\t\t\t\t<span class=\"elementor-button-text\">Equipe<\/span>\n\t\t\t\t\t<\/span>\n\t\t\t\t\t<\/a>\n\t\t\t\t<\/div>\n\t\t\t\t\t\t\t\t<\/div>\n\t\t\t\t<\/div>\n\t\t\t\t\t<\/div>\n\t\t<\/div>\n\t\t\t\t<div class=\"elementor-column elementor-col-50 elementor-top-column elementor-element elementor-element-cde755e\" data-id=\"cde755e\" data-element_type=\"column\" data-e-type=\"column\">\n\t\t\t<div class=\"elementor-widget-wrap elementor-element-populated\">\n\t\t\t\t\t\t<div class=\"elementor-element elementor-element-2373069 elementor-align-left elementor-widget elementor-widget-button\" data-id=\"2373069\" data-element_type=\"widget\" data-e-type=\"widget\" data-widget_type=\"button.default\">\n\t\t\t\t<div class=\"elementor-widget-container\">\n\t\t\t\t\t\t\t\t\t<div class=\"elementor-button-wrapper\">\n\t\t\t\t\t<a class=\"elementor-button elementor-button-link elementor-size-sm\" href=\"https:\/\/andydegroat.org\/ccinp\/fonctionnement\/\">\n\t\t\t\t\t\t<span class=\"elementor-button-content-wrapper\">\n\t\t\t\t\t\t\t\t\t<span class=\"elementor-button-text\">Fonctionnement<\/span>\n\t\t\t\t\t<\/span>\n\t\t\t\t\t<\/a>\n\t\t\t\t<\/div>\n\t\t\t\t\t\t\t\t<\/div>\n\t\t\t\t<\/div>\n\t\t\t\t\t<\/div>\n\t\t<\/div>\n\t\t\t\t\t<\/div>\n\t\t<\/section>\n\t\t\t\t<\/div>\n\t\t","protected":false},"excerpt":{"rendered":"<p>pourquoi le C.C.I.N.P. &#8211; andy de groat\u00a0? pourquoi le C.C.I.N.P. &#8211; andy de groat\u00a0? pourquoi le C.C.I.N.P. \u2013 andy de groat ? Si une structure telle que le C.C.I.N.P. \u00ad [&hellip;]<\/p>\n","protected":false},"author":1,"featured_media":0,"parent":0,"menu_order":0,"comment_status":"closed","ping_status":"closed","template":"","meta":{"_uag_custom_page_level_css":"","_monsterinsights_skip_tracking":false,"_monsterinsights_sitenote_active":false,"_monsterinsights_sitenote_note":"","_monsterinsights_sitenote_category":0,"site-sidebar-layout":"no-sidebar","site-content-layout":"page-builder","ast-site-content-layout":"full-width-container","site-content-style":"unboxed","site-sidebar-style":"unboxed","ast-global-header-display":"","ast-banner-title-visibility":"","ast-main-header-display":"","ast-hfb-above-header-display":"","ast-hfb-below-header-display":"","ast-hfb-mobile-header-display":"","site-post-title":"disabled","ast-breadcrumbs-content":"","ast-featured-img":"disabled","footer-sml-layout":"","ast-disable-related-posts":"","theme-transparent-header-meta":"default","adv-header-id-meta":"","stick-header-meta":"","header-above-stick-meta":"","header-main-stick-meta":"","header-below-stick-meta":"","astra-migrate-meta-layouts":"set","ast-page-background-enabled":"default","ast-page-background-meta":{"desktop":{"background-color":"var(--ast-global-color-4)","background-image":"","background-repeat":"repeat","background-position":"center center","background-size":"auto","background-attachment":"scroll","background-type":"","background-media":"","overlay-type":"","overlay-color":"","overlay-opacity":"","overlay-gradient":""},"tablet":{"background-color":"","background-image":"","background-repeat":"repeat","background-position":"center center","background-size":"auto","background-attachment":"scroll","background-type":"","background-media":"","overlay-type":"","overlay-color":"","overlay-opacity":"","overlay-gradient":""},"mobile":{"background-color":"","background-image":"","background-repeat":"repeat","background-position":"center center","background-size":"auto","background-attachment":"scroll","background-type":"","background-media":"","overlay-type":"","overlay-color":"","overlay-opacity":"","overlay-gradient":""}},"ast-content-background-meta":{"desktop":{"background-color":"var(--ast-global-color-5)","background-image":"","background-repeat":"repeat","background-position":"center center","background-size":"auto","background-attachment":"scroll","background-type":"","background-media":"","overlay-type":"","overlay-color":"","overlay-opacity":"","overlay-gradient":""},"tablet":{"background-color":"var(--ast-global-color-5)","background-image":"","background-repeat":"repeat","background-position":"center center","background-size":"auto","background-attachment":"scroll","background-type":"","background-media":"","overlay-type":"","overlay-color":"","overlay-opacity":"","overlay-gradient":""},"mobile":{"background-color":"var(--ast-global-color-5)","background-image":"","background-repeat":"repeat","background-position":"center center","background-size":"auto","background-attachment":"scroll","background-type":"","background-media":"","overlay-type":"","overlay-color":"","overlay-opacity":"","overlay-gradient":""}},"footnotes":""},"class_list":["post-293","page","type-page","status-publish","hentry"],"uagb_featured_image_src":{"full":false,"thumbnail":false,"medium":false,"medium_large":false,"large":false,"1536x1536":false,"2048x2048":false},"uagb_author_info":{"display_name":"admin","author_link":"https:\/\/andydegroat.org\/ccinp\/author\/admin\/"},"uagb_comment_info":0,"uagb_excerpt":"pourquoi le C.C.I.N.P. &#8211; andy de groat\u00a0? pourquoi le C.C.I.N.P. &#8211; andy de groat\u00a0? pourquoi le C.C.I.N.P. \u2013 andy de groat ? Si une structure telle que le C.C.I.N.P. \u00ad [&hellip;]","_links":{"self":[{"href":"https:\/\/andydegroat.org\/ccinp\/wp-json\/wp\/v2\/pages\/293","targetHints":{"allow":["GET"]}}],"collection":[{"href":"https:\/\/andydegroat.org\/ccinp\/wp-json\/wp\/v2\/pages"}],"about":[{"href":"https:\/\/andydegroat.org\/ccinp\/wp-json\/wp\/v2\/types\/page"}],"author":[{"embeddable":true,"href":"https:\/\/andydegroat.org\/ccinp\/wp-json\/wp\/v2\/users\/1"}],"replies":[{"embeddable":true,"href":"https:\/\/andydegroat.org\/ccinp\/wp-json\/wp\/v2\/comments?post=293"}],"version-history":[{"count":159,"href":"https:\/\/andydegroat.org\/ccinp\/wp-json\/wp\/v2\/pages\/293\/revisions"}],"predecessor-version":[{"id":4363,"href":"https:\/\/andydegroat.org\/ccinp\/wp-json\/wp\/v2\/pages\/293\/revisions\/4363"}],"wp:attachment":[{"href":"https:\/\/andydegroat.org\/ccinp\/wp-json\/wp\/v2\/media?parent=293"}],"curies":[{"name":"wp","href":"https:\/\/api.w.org\/{rel}","templated":true}]}}