{"id":2434,"date":"2021-12-03T12:23:16","date_gmt":"2021-12-03T12:23:16","guid":{"rendered":"https:\/\/andydegroat.org\/ccinp\/?page_id=2434"},"modified":"2026-02-17T15:38:05","modified_gmt":"2026-02-17T15:38:05","slug":"groupe-de-recherche-2","status":"publish","type":"page","link":"https:\/\/andydegroat.org\/ccinp\/groupe-de-recherche-2\/","title":{"rendered":"groupe de recherche"},"content":{"rendered":"\t\t<div data-elementor-type=\"wp-page\" data-elementor-id=\"2434\" class=\"elementor elementor-2434\">\n\t\t\t\t\t\t<section class=\"elementor-section elementor-top-section elementor-element elementor-element-06202e0 elementor-section-full_width elementor-section-height-default elementor-section-height-default\" data-id=\"06202e0\" data-element_type=\"section\" data-e-type=\"section\">\n\t\t\t\t\t\t<div class=\"elementor-container elementor-column-gap-default\">\n\t\t\t\t\t<div class=\"elementor-column elementor-col-100 elementor-top-column elementor-element elementor-element-877aec3\" data-id=\"877aec3\" data-element_type=\"column\" data-e-type=\"column\">\n\t\t\t<div class=\"elementor-widget-wrap elementor-element-populated\">\n\t\t\t\t\t\t<div class=\"elementor-element elementor-element-548439a elementor-widget elementor-widget-heading\" data-id=\"548439a\" data-element_type=\"widget\" data-e-type=\"widget\" data-widget_type=\"heading.default\">\n\t\t\t\t<div class=\"elementor-widget-container\">\n\t\t\t\t\t<h2 class=\"elementor-heading-title elementor-size-default\">groupe de recherche<\/h2>\t\t\t\t<\/div>\n\t\t\t\t<\/div>\n\t\t\t\t\t<\/div>\n\t\t<\/div>\n\t\t\t\t\t<\/div>\n\t\t<\/section>\n\t\t\t\t<section class=\"elementor-section elementor-top-section elementor-element elementor-element-689a77b9 elementor-section-full_width elementor-section-stretched elementor-section-height-default elementor-section-height-default\" data-id=\"689a77b9\" data-element_type=\"section\" data-e-type=\"section\" data-settings=\"{&quot;stretch_section&quot;:&quot;section-stretched&quot;}\">\n\t\t\t\t\t\t<div class=\"elementor-container elementor-column-gap-default\">\n\t\t\t\t\t<div class=\"elementor-column elementor-col-100 elementor-top-column elementor-element elementor-element-66d89117\" data-id=\"66d89117\" data-element_type=\"column\" data-e-type=\"column\">\n\t\t\t<div class=\"elementor-widget-wrap elementor-element-populated\">\n\t\t\t\t\t\t<section class=\"elementor-section elementor-inner-section elementor-element elementor-element-13631d28 elementor-section-full_width elementor-section-height-default elementor-section-height-default\" data-id=\"13631d28\" data-element_type=\"section\" data-e-type=\"section\">\n\t\t\t\t\t\t<div class=\"elementor-container elementor-column-gap-default\">\n\t\t\t\t\t<div class=\"elementor-column elementor-col-50 elementor-inner-column elementor-element elementor-element-2cfcd2a8\" data-id=\"2cfcd2a8\" data-element_type=\"column\" data-e-type=\"column\">\n\t\t\t<div class=\"elementor-widget-wrap elementor-element-populated\">\n\t\t\t\t\t\t<div class=\"elementor-element elementor-element-7627c14a elementor-widget elementor-widget-image\" data-id=\"7627c14a\" data-element_type=\"widget\" data-e-type=\"widget\" data-widget_type=\"image.default\">\n\t\t\t\t<div class=\"elementor-widget-container\">\n\t\t\t\t\t\t\t\t\t\t\t\t<figure class=\"wp-caption\">\n\t\t\t\t\t\t\t\t\t\t<img decoding=\"async\" src=\"https:\/\/andydegroat.org\/ccinp\/wp-content\/uploads\/elementor\/thumbs\/04-1970s6-Andy-Degroat-pa8trlyv65d5yw6yukzhqzalivskkj50vv2cnzckcw.jpg\" title=\"04-1970s6 Andy Degroat\" alt=\"Groupe de recherche\" loading=\"lazy\" \/>\t\t\t\t\t\t\t\t\t\t\t<figcaption class=\"widget-image-caption wp-caption-text\">\u00a9 lo\u00efs greenfield<\/figcaption>\n\t\t\t\t\t\t\t\t\t\t<\/figure>\n\t\t\t\t\t\t\t\t\t<\/div>\n\t\t\t\t<\/div>\n\t\t\t\t\t<\/div>\n\t\t<\/div>\n\t\t\t\t<div class=\"elementor-column elementor-col-50 elementor-inner-column elementor-element elementor-element-79fa0a7e\" data-id=\"79fa0a7e\" data-element_type=\"column\" data-e-type=\"column\">\n\t\t\t<div class=\"elementor-widget-wrap elementor-element-populated\">\n\t\t\t\t\t\t<div class=\"elementor-element elementor-element-351ba9d3 elementor-widget elementor-widget-text-editor\" data-id=\"351ba9d3\" data-element_type=\"widget\" data-e-type=\"widget\" data-widget_type=\"text-editor.default\">\n\t\t\t\t<div class=\"elementor-widget-container\">\n\t\t\t\t\t\t\t\t\t<p style=\"text-align: center;\"><a title=\"GROUPE DE RECHERCHE EN IMAGE\" href=\"https:\/\/vimeo.com\/1158083751\" target=\"_blank\" rel=\"nofollow noopener\"><strong><span style=\"color: #ff0000;\">LE GROUPE DE RECHERCHE EN IMAGE<\/span><\/strong><\/a><\/p><p style=\"text-align: center;\"><a href=\"https:\/\/vimeo.com\/1158083751\" target=\"_blank\" rel=\"noopener nofollow\"><img decoding=\"async\" class=\"wp-image-2891 aligncenter\" src=\"https:\/\/andydegroat.org\/ccinp\/wp-content\/uploads\/2021\/12\/GrR2-1-300x225.jpg\" alt=\"andy de groat - groupe de recherche\" width=\"239\" height=\"179\" srcset=\"https:\/\/andydegroat.org\/ccinp\/wp-content\/uploads\/2021\/12\/GrR2-1-300x225.jpg 300w, https:\/\/andydegroat.org\/ccinp\/wp-content\/uploads\/2021\/12\/GrR2-1-1024x768.jpg 1024w, https:\/\/andydegroat.org\/ccinp\/wp-content\/uploads\/2021\/12\/GrR2-1-768x576.jpg 768w, https:\/\/andydegroat.org\/ccinp\/wp-content\/uploads\/2021\/12\/GrR2-1-1536x1152.jpg 1536w, https:\/\/andydegroat.org\/ccinp\/wp-content\/uploads\/2021\/12\/GrR2-1-scaled.jpg 2048w\" sizes=\"(max-width: 239px) 100vw, 239px\" \/><strong>ici \u2191\u00a0<\/strong><\/a><\/p><p><strong>La gen\u00e8se<\/strong><\/p><p>Afin de pr\u00e9server au mieux l\u2019\u0153uvre d\u2019Andy de Groat, nous cr\u00e9ons un groupe de recherche qui sera au centre du projet de transmission, de cr\u00e9ation des bo\u00eetes \u00e0 outils<br \/>et du d\u00e9sir du C.C.I.N.P. de rassembler des \u00e9nergies et des savoirs autour des pi\u00e8ces<br \/>choisies au sein de l\u2019axe artistique.<br \/>Il nous est apparu que cette mission de pr\u00e9servation devait se b\u00e2tir \u00e0 partir d\u2019une base<br \/>\u00e9clair\u00e9e. \u00c9clair\u00e9e par l\u2019exp\u00e9rience de m\u00e9moires retrouv\u00e9es et le d\u00e9chiffrage d\u2019archives<br \/>sur les diff\u00e9rents supports, et nourrie par les rencontres avec des danseurs, artistes<br \/>voisins, historiens, chercheurs en danse qui apporteront un \u00e9clairage pertinent sur les<br \/>pi\u00e8ces d\u2019Andy de Groat.<\/p>\t\t\t\t\t\t\t\t<\/div>\n\t\t\t\t<\/div>\n\t\t\t\t\t<\/div>\n\t\t<\/div>\n\t\t\t\t\t<\/div>\n\t\t<\/section>\n\t\t\t\t\t<\/div>\n\t\t<\/div>\n\t\t\t\t\t<\/div>\n\t\t<\/section>\n\t\t\t\t<section class=\"elementor-section elementor-top-section elementor-element elementor-element-2fb63ff5 elementor-section-full_width elementor-section-height-default elementor-section-height-default\" data-id=\"2fb63ff5\" data-element_type=\"section\" data-e-type=\"section\">\n\t\t\t\t\t\t<div class=\"elementor-container elementor-column-gap-default\">\n\t\t\t\t\t\t<\/div>\n\t\t<\/section>\n\t\t\t\t<section class=\"elementor-section elementor-top-section elementor-element elementor-element-31d60479 elementor-section-full_width elementor-section-height-default elementor-section-height-default\" data-id=\"31d60479\" data-element_type=\"section\" data-e-type=\"section\">\n\t\t\t\t\t\t<div class=\"elementor-container elementor-column-gap-default\">\n\t\t\t\t\t<div class=\"elementor-column elementor-col-100 elementor-top-column elementor-element elementor-element-3e9f0a03\" data-id=\"3e9f0a03\" data-element_type=\"column\" data-e-type=\"column\">\n\t\t\t<div class=\"elementor-widget-wrap elementor-element-populated\">\n\t\t\t\t\t\t<div class=\"elementor-element elementor-element-1b681527 elementor-widget elementor-widget-text-editor\" data-id=\"1b681527\" data-element_type=\"widget\" data-e-type=\"widget\" data-widget_type=\"text-editor.default\">\n\t\t\t\t<div class=\"elementor-widget-container\">\n\t\t\t\t\t\t\t\t\t<div><strong>Qui ? &nbsp;Les Phares<\/strong><\/div>\n<div>&nbsp;<\/div>\n<p>Ce groupe de recherche est compos\u00e9 de 8 \u00e0 10 danseurs de g\u00e9n\u00e9rations diff\u00e9rentes. Ils coloreraient ainsi la recherche de r\u00e9cits, de v\u00e9cus corporels et de points de vue multiples sur le parcours artistique d\u2019Andy.<\/p>\n<p><strong>Les so\u00adphares<\/strong> sont ceux qui travaill\u00e8rent avec le chor\u00e9graphe sur la fin de ann\u00e9es am\u00e9ricaines et les premi\u00e8res ann\u00e9es fran\u00e7aises de 1980 \u00e0 1990 \u00ad : Cathy B\u00e9ziex, Do Brunet, Jean Guizerix, Sara Lindon, Jean-Christophe Par\u00e9, Wilfried Piollet, Viviane Serry\u2026 Nous d\u00e9sirons y inclure \u00e9galement des \u00e9changes avec les danseurs am\u00e9ricains (Byrds, Andy and dancers&#8230;).<\/p>\n<p><strong>Les phares\u00adaway<\/strong> sont ceux qui leur ont succ\u00e9d\u00e9, entre 1990 et 2000, la g\u00e9n\u00e9ration qui a v\u00e9cu les installations successives \u00e0 Aulnay-sous- Bois, Massy, Tarbes, Montauban : Rebecca Adam, S\u00e9verine Bennevault, Olivier Clarg\u00e9, Magali Noiret, Lilou Magali Robert, Shush Tenin\u2026 Ce sont aussi les ex Wah loo tintin co qui ont collabor\u00e9 avec Andy entre 1997 et 2001 lorsqu\u2019il a cr\u00e9\u00e9 la compagnie des enfants \u00e0 Montauban : St\u00e9phanie Cabanes, Lucie Gaillard\u2026<\/p>\n\n<p><strong>Les fan\u00adphares<\/strong> sont ceux qui ont rencontr\u00e9s Andy \u00e0 partir des ann\u00e9e 2000 \u00e0 l\u2019occasion d\u2019un stage ou d\u2019un atelier. Ils ont \u00e9t\u00e9 touch\u00e9s, et pour certains d\u2019entre eux, propuls\u00e9s vers la professionnalisation \u00e0 la suite de cette rencontre artistique : St\u00e9phanie Bargues, Martin Barr\u00e9, Camille Ollagnier\u2026&nbsp;<\/p>\n<p><strong>Les next\u00adphares<\/strong> sont les jeunes danseurs qui n\u2019ont pas ou peu connu Andy mais se reconnaissent dans son \u0153uvre, ou l\u2019ont d\u00e9couverte en dansant Fan Dance par exemple : Pierre Chauvin\u00ad Brunet, Tom L\u00e9vy, Olivia Lindon\u2026 Ils seront la note de fra\u00eeche critique de ce groupe.<\/p>\n<p>La composition du groupe de recherche \u00e9voluera en fonction de la pi\u00e8ce \u00e9tudi\u00e9e. Afin d\u2019assurer une continuit\u00e9 au fil des diff\u00e9rentes \u00e9tudes, 1 \u00e0 2 personnes minimum du Coll\u00e8ge artistique en feront toujours partie. Le groupe de recherche constituera ainsi peu \u00e0 peu un vivier d\u2019interpr\u00e8tes, de transmetteurs potentiels, de personnes ressources pour les r\u00e9activations \u00e9ventuelles des pi\u00e8ces explor\u00e9es et la cr\u00e9ation des bo\u00eetes \u00e0 outils.<\/p>\t\t\t\t\t\t\t\t<\/div>\n\t\t\t\t<\/div>\n\t\t\t\t\t<\/div>\n\t\t<\/div>\n\t\t\t\t<div class=\"elementor-column elementor-col-50 elementor-top-column elementor-element elementor-element-6a6c6744\" data-id=\"6a6c6744\" data-element_type=\"column\" data-e-type=\"column\">\n\t\t\t<div class=\"elementor-widget-wrap elementor-element-populated\">\n\t\t\t\t\t\t<div class=\"elementor-element elementor-element-3aa9650f elementor-widget elementor-widget-text-editor\" data-id=\"3aa9650f\" data-element_type=\"widget\" data-e-type=\"widget\" data-widget_type=\"text-editor.default\">\n\t\t\t\t<div class=\"elementor-widget-container\">\n\t\t\t\t\t\t\t\t\t<div><strong>Quoi ?<\/strong><\/div><div>\u00a0<\/div><div>Les r\u00e9activations et la recherche autour de l\u2019\u0153uvre. Dans le cadre d\u2019une r\u00e9activation de r\u00e9pertoire, au-del\u00e0 de l\u2019enrichissement historique et th\u00e9orique que repr\u00e9senteront la recherche de sources, la collecte d\u2019informations et l\u2019\u00e9tude des archives, il s\u2019agira aussi de retraverser la danse par l\u2019exp\u00e9rience corporelle.<\/div><div>\u00a0<\/div><div>\u00a0<\/div><div>Notre envie est de \u00ab re\u00adcorpor\u00e9iser \u00bb la danse d\u2019Andy en faisant se rejoindre dans l\u2019exp\u00e9rience d\u2019une part les danseurs ayant v\u00e9cu la pi\u00e8ce \u00e9tudi\u00e9e, en faisant confiance \u00e0 leurs m\u00e9moires corporelles, et d\u2019autre part les danseurs qui ne l\u2019ont pas dans\u00e9, en convoquant leur propre exp\u00e9rience de travers\u00e9e du travail. Cette double recherche par le corps permettra non seulement de trouver, retrouver, voire red\u00e9couvrir la nature de l\u2019\u00e9criture mais aussi d\u2019identifier les appuis chor\u00e9graphiques et les points d\u2019exigence singuliers \u00e0 Andy.<\/div><div>Un tri pr\u00e9alable dans les archives vid\u00e9os compl\u00e9tera et accompagnera cette d\u00e9marche de plong\u00e9e corporelle.<\/div><div>\u00a0<\/div>\t\t\t\t\t\t\t\t<\/div>\n\t\t\t\t<\/div>\n\t\t\t\t<div class=\"elementor-element elementor-element-ea3dce3 elementor-widget elementor-widget-text-editor\" data-id=\"ea3dce3\" data-element_type=\"widget\" data-e-type=\"widget\" data-widget_type=\"text-editor.default\">\n\t\t\t\t<div class=\"elementor-widget-container\">\n\t\t\t\t\t\t\t\t\t<p><img fetchpriority=\"high\" decoding=\"async\" class=\"alignnone wp-image-2891 size-large\" src=\"https:\/\/andydegroat.org\/ccinp\/wp-content\/uploads\/2021\/12\/GrR2-1-1024x768.jpg\" alt=\"\" width=\"1024\" height=\"768\" srcset=\"https:\/\/andydegroat.org\/ccinp\/wp-content\/uploads\/2021\/12\/GrR2-1-1024x768.jpg 1024w, https:\/\/andydegroat.org\/ccinp\/wp-content\/uploads\/2021\/12\/GrR2-1-300x225.jpg 300w, https:\/\/andydegroat.org\/ccinp\/wp-content\/uploads\/2021\/12\/GrR2-1-768x576.jpg 768w, https:\/\/andydegroat.org\/ccinp\/wp-content\/uploads\/2021\/12\/GrR2-1-1536x1152.jpg 1536w, https:\/\/andydegroat.org\/ccinp\/wp-content\/uploads\/2021\/12\/GrR2-1-scaled.jpg 2048w\" sizes=\"(max-width: 1024px) 100vw, 1024px\" \/><img decoding=\"async\" class=\"alignnone wp-image-2889 size-large\" src=\"https:\/\/andydegroat.org\/ccinp\/wp-content\/uploads\/2021\/12\/GrR2-2-1024x768.jpg\" alt=\"\" width=\"1024\" height=\"768\" srcset=\"https:\/\/andydegroat.org\/ccinp\/wp-content\/uploads\/2021\/12\/GrR2-2-1024x768.jpg 1024w, https:\/\/andydegroat.org\/ccinp\/wp-content\/uploads\/2021\/12\/GrR2-2-300x225.jpg 300w, https:\/\/andydegroat.org\/ccinp\/wp-content\/uploads\/2021\/12\/GrR2-2-768x576.jpg 768w, https:\/\/andydegroat.org\/ccinp\/wp-content\/uploads\/2021\/12\/GrR2-2-1536x1152.jpg 1536w, https:\/\/andydegroat.org\/ccinp\/wp-content\/uploads\/2021\/12\/GrR2-2-2048x1536.jpg 2048w\" sizes=\"(max-width: 1024px) 100vw, 1024px\" \/><\/p>\n<div><br><\/div><div><br><\/div>\t\t\t\t\t\t\t\t<\/div>\n\t\t\t\t<\/div>\n\t\t\t\t\t<\/div>\n\t\t<\/div>\n\t\t\t\t<div class=\"elementor-column elementor-col-50 elementor-top-column elementor-element elementor-element-30ace6ea\" data-id=\"30ace6ea\" data-element_type=\"column\" data-e-type=\"column\">\n\t\t\t<div class=\"elementor-widget-wrap elementor-element-populated\">\n\t\t\t\t\t\t<div class=\"elementor-element elementor-element-50846b61 elementor-widget elementor-widget-text-editor\" data-id=\"50846b61\" data-element_type=\"widget\" data-e-type=\"widget\" data-widget_type=\"text-editor.default\">\n\t\t\t\t<div class=\"elementor-widget-container\">\n\t\t\t\t\t\t\t\t\t<div><p><strong><img loading=\"lazy\" decoding=\"async\" class=\"aligncenter wp-image-2890\" src=\"https:\/\/andydegroat.org\/ccinp\/wp-content\/uploads\/2021\/12\/GrR2-3-768x1024.jpg\" alt=\"\" width=\"500\" height=\"667\" srcset=\"https:\/\/andydegroat.org\/ccinp\/wp-content\/uploads\/2021\/12\/GrR2-3-768x1024.jpg 768w, https:\/\/andydegroat.org\/ccinp\/wp-content\/uploads\/2021\/12\/GrR2-3-225x300.jpg 225w, https:\/\/andydegroat.org\/ccinp\/wp-content\/uploads\/2021\/12\/GrR2-3-1152x1536.jpg 1152w, https:\/\/andydegroat.org\/ccinp\/wp-content\/uploads\/2021\/12\/GrR2-3-1536x2048.jpg 1536w, https:\/\/andydegroat.org\/ccinp\/wp-content\/uploads\/2021\/12\/GrR2-3-scaled.jpg 1920w\" sizes=\"(max-width: 500px) 100vw, 500px\" \/><\/strong><\/p><\/div><div><strong>La transmission et l\u2019axe p\u00e9dagogique<\/strong><\/div><div>Un p\u00f4le important de la mission du C.C.I.N.P. est de transmettre l\u2019art d\u2019Andy. Il s\u2019agit l\u00e0 pour le groupe de recherche d\u2019inventer sa propre approche p\u00e9dagogique dans ce d\u00e9sir de transmission, en faisant \u00e9merger une m\u00e9thode \u00e0 la fois adapt\u00e9e aux diff\u00e9rents publics, et \u00e0 la fois en accord avec les processus qu\u2019il mettait en jeu pour \u00e9laborer ses pi\u00e8ces. Notre leitmotiv pour cr\u00e9er la sp\u00e9cificit\u00e9 p\u00e9dagogique du C.C.I.N.P. sera \u00ab d\u2019accueillir le nouveau dans le d\u00e9j\u00e0 \u00adl\u00e0 \u00bb.<\/div><div>\u00a0<\/div><div><strong>Un lieu de r\u00e9flexion<\/strong><\/div><div>Le groupe de recherche se veut \u00e9galement lieu de r\u00e9flexion sur la place des interpr\u00e8tes et leur(s) espace(s) de libert\u00e9 vis-\u00e0-vis d\u2019une \u0153uvre dont le cr\u00e9ateur n\u2019est plus. Afin de ne pas oublier l\u2019analyse critique, nous ferons appel \u00e0 des intervenants \u00adinvit\u00e9s, qu\u2019ils soient chercheurs ou historiens, \u00e0 se joindre ponctuellement au groupe. Nous r\u00e9fl\u00e9chirons aux modalit\u00e9s de partage de ces outils avec des artistes ou groupes int\u00e9ress\u00e9s par ce travail. Enfin nous questionnerons l\u2019archive des temps pass\u00e9s et pr\u00e9sents.<\/div><div>\u00a0<\/div><div>\u00a0<\/div><div>\u00a0<\/div><div>\u00a0<\/div><div><strong>Comment ?<\/strong><\/div><div>Parall\u00e8lement aux traitement des sources, et \u00e0 l&rsquo;analyse critique, l&rsquo;exp\u00e9rimentation sensible s&rsquo;effectue en studio. Nous y mettrons au point notre m\u00e9thodologie de l&rsquo;in\u00adcorporation. De l&rsquo;arch\u00e9ologie sensible de l&rsquo;\u00e9criture chor\u00e9graphique, surgira l&rsquo;expertise. De l&rsquo;expertise \u00e9mergeront les processus de r\u00e9\u00adactivation des pi\u00e8ces et les outils p\u00e9dagogiques sp\u00e9cifiques. Ainsi outill\u00e9s nous pourrons faire vivre et transmettre l&rsquo;\u0153uvre du chor\u00e9graphe.<br \/>Le CCINP est soutenu dans cette d\u00e9marche par le<a href=\"https:\/\/www.cnd.fr\/fr\/\" rel=\"nofollow noopener\" target=\"_blank\">\u00a0<b><i>Centre National de la Danse -Paris<\/i>,<\/b><\/a> qui poss\u00e8de les archives de Andy de Groat.<\/div><div>\u00a0<\/div><div>\u00a0<\/div>\t\t\t\t\t\t\t\t<\/div>\n\t\t\t\t<\/div>\n\t\t\t\t\t<\/div>\n\t\t<\/div>\n\t\t\t\t\t<\/div>\n\t\t<\/section>\n\t\t\t\t<\/div>\n\t\t","protected":false},"excerpt":{"rendered":"<p>groupe de recherche \u00a9 lo\u00efs greenfield LE GROUPE DE RECHERCHE EN IMAGE ici \u2191\u00a0 La gen\u00e8se Afin de pr\u00e9server au mieux l\u2019\u0153uvre d\u2019Andy de Groat, nous cr\u00e9ons un groupe de [&hellip;]<\/p>\n","protected":false},"author":1,"featured_media":0,"parent":0,"menu_order":0,"comment_status":"closed","ping_status":"closed","template":"","meta":{"_uag_custom_page_level_css":"","_monsterinsights_skip_tracking":false,"_monsterinsights_sitenote_active":false,"_monsterinsights_sitenote_note":"","_monsterinsights_sitenote_category":0,"site-sidebar-layout":"no-sidebar","site-content-layout":"page-builder","ast-site-content-layout":"full-width-container","site-content-style":"unboxed","site-sidebar-style":"unboxed","ast-global-header-display":"","ast-banner-title-visibility":"","ast-main-header-display":"","ast-hfb-above-header-display":"","ast-hfb-below-header-display":"","ast-hfb-mobile-header-display":"","site-post-title":"disabled","ast-breadcrumbs-content":"","ast-featured-img":"disabled","footer-sml-layout":"","ast-disable-related-posts":"","theme-transparent-header-meta":"","adv-header-id-meta":"","stick-header-meta":"","header-above-stick-meta":"","header-main-stick-meta":"","header-below-stick-meta":"","astra-migrate-meta-layouts":"set","ast-page-background-enabled":"default","ast-page-background-meta":{"desktop":{"background-color":"var(--ast-global-color-4)","background-image":"","background-repeat":"repeat","background-position":"center center","background-size":"auto","background-attachment":"scroll","background-type":"","background-media":"","overlay-type":"","overlay-color":"","overlay-opacity":"","overlay-gradient":""},"tablet":{"background-color":"","background-image":"","background-repeat":"repeat","background-position":"center center","background-size":"auto","background-attachment":"scroll","background-type":"","background-media":"","overlay-type":"","overlay-color":"","overlay-opacity":"","overlay-gradient":""},"mobile":{"background-color":"","background-image":"","background-repeat":"repeat","background-position":"center center","background-size":"auto","background-attachment":"scroll","background-type":"","background-media":"","overlay-type":"","overlay-color":"","overlay-opacity":"","overlay-gradient":""}},"ast-content-background-meta":{"desktop":{"background-color":"var(--ast-global-color-5)","background-image":"","background-repeat":"repeat","background-position":"center center","background-size":"auto","background-attachment":"scroll","background-type":"","background-media":"","overlay-type":"","overlay-color":"","overlay-opacity":"","overlay-gradient":""},"tablet":{"background-color":"var(--ast-global-color-5)","background-image":"","background-repeat":"repeat","background-position":"center center","background-size":"auto","background-attachment":"scroll","background-type":"","background-media":"","overlay-type":"","overlay-color":"","overlay-opacity":"","overlay-gradient":""},"mobile":{"background-color":"var(--ast-global-color-5)","background-image":"","background-repeat":"repeat","background-position":"center center","background-size":"auto","background-attachment":"scroll","background-type":"","background-media":"","overlay-type":"","overlay-color":"","overlay-opacity":"","overlay-gradient":""}},"footnotes":""},"class_list":["post-2434","page","type-page","status-publish","hentry"],"uagb_featured_image_src":{"full":false,"thumbnail":false,"medium":false,"medium_large":false,"large":false,"1536x1536":false,"2048x2048":false},"uagb_author_info":{"display_name":"admin","author_link":"https:\/\/andydegroat.org\/ccinp\/author\/admin\/"},"uagb_comment_info":0,"uagb_excerpt":"groupe de recherche \u00a9 lo\u00efs greenfield LE GROUPE DE RECHERCHE EN IMAGE ici \u2191\u00a0 La gen\u00e8se Afin de pr\u00e9server au mieux l\u2019\u0153uvre d\u2019Andy de Groat, nous cr\u00e9ons un groupe de [&hellip;]","_links":{"self":[{"href":"https:\/\/andydegroat.org\/ccinp\/wp-json\/wp\/v2\/pages\/2434","targetHints":{"allow":["GET"]}}],"collection":[{"href":"https:\/\/andydegroat.org\/ccinp\/wp-json\/wp\/v2\/pages"}],"about":[{"href":"https:\/\/andydegroat.org\/ccinp\/wp-json\/wp\/v2\/types\/page"}],"author":[{"embeddable":true,"href":"https:\/\/andydegroat.org\/ccinp\/wp-json\/wp\/v2\/users\/1"}],"replies":[{"embeddable":true,"href":"https:\/\/andydegroat.org\/ccinp\/wp-json\/wp\/v2\/comments?post=2434"}],"version-history":[{"count":81,"href":"https:\/\/andydegroat.org\/ccinp\/wp-json\/wp\/v2\/pages\/2434\/revisions"}],"predecessor-version":[{"id":4311,"href":"https:\/\/andydegroat.org\/ccinp\/wp-json\/wp\/v2\/pages\/2434\/revisions\/4311"}],"wp:attachment":[{"href":"https:\/\/andydegroat.org\/ccinp\/wp-json\/wp\/v2\/media?parent=2434"}],"curies":[{"name":"wp","href":"https:\/\/api.w.org\/{rel}","templated":true}]}}