{"id":2379,"date":"2021-12-03T11:16:22","date_gmt":"2021-12-03T11:16:22","guid":{"rendered":"https:\/\/andydegroat.org\/ccinp\/?page_id=2379"},"modified":"2026-02-23T12:38:55","modified_gmt":"2026-02-23T12:38:55","slug":"equipe","status":"publish","type":"page","link":"https:\/\/andydegroat.org\/ccinp\/equipe\/","title":{"rendered":"\u00e9quipe"},"content":{"rendered":"\t\t<div data-elementor-type=\"wp-page\" data-elementor-id=\"2379\" class=\"elementor elementor-2379\">\n\t\t\t\t\t\t<section class=\"elementor-section elementor-top-section elementor-element elementor-element-afa474b elementor-section-full_width elementor-section-height-default elementor-section-height-default\" data-id=\"afa474b\" data-element_type=\"section\" data-e-type=\"section\">\n\t\t\t\t\t\t<div class=\"elementor-container elementor-column-gap-default\">\n\t\t\t\t\t<div class=\"elementor-column elementor-col-100 elementor-top-column elementor-element elementor-element-bbef963\" data-id=\"bbef963\" data-element_type=\"column\" data-e-type=\"column\">\n\t\t\t<div class=\"elementor-widget-wrap elementor-element-populated\">\n\t\t\t\t\t\t<div class=\"elementor-element elementor-element-a772dfa elementor-widget elementor-widget-heading\" data-id=\"a772dfa\" data-element_type=\"widget\" data-e-type=\"widget\" data-widget_type=\"heading.default\">\n\t\t\t\t<div class=\"elementor-widget-container\">\n\t\t\t\t\t<h2 class=\"elementor-heading-title elementor-size-default\">\u00e9quipe<\/h2>\t\t\t\t<\/div>\n\t\t\t\t<\/div>\n\t\t\t\t\t<\/div>\n\t\t<\/div>\n\t\t\t\t\t<\/div>\n\t\t<\/section>\n\t\t\t\t<section class=\"elementor-section elementor-top-section elementor-element elementor-element-272d4587 elementor-section-full_width elementor-section-stretched elementor-section-height-default elementor-section-height-default\" data-id=\"272d4587\" data-element_type=\"section\" data-e-type=\"section\" data-settings=\"{&quot;stretch_section&quot;:&quot;section-stretched&quot;}\">\n\t\t\t\t\t\t<div class=\"elementor-container elementor-column-gap-default\">\n\t\t\t\t\t<div class=\"elementor-column elementor-col-100 elementor-top-column elementor-element elementor-element-757c6fa4\" data-id=\"757c6fa4\" data-element_type=\"column\" data-e-type=\"column\">\n\t\t\t<div class=\"elementor-widget-wrap elementor-element-populated\">\n\t\t\t\t\t\t<section class=\"elementor-section elementor-inner-section elementor-element elementor-element-1c9a3a72 elementor-section-full_width elementor-section-height-default elementor-section-height-default\" data-id=\"1c9a3a72\" data-element_type=\"section\" data-e-type=\"section\">\n\t\t\t\t\t\t<div class=\"elementor-container elementor-column-gap-default\">\n\t\t\t\t\t<div class=\"elementor-column elementor-col-50 elementor-inner-column elementor-element elementor-element-ad3bc69\" data-id=\"ad3bc69\" data-element_type=\"column\" data-e-type=\"column\">\n\t\t\t<div class=\"elementor-widget-wrap elementor-element-populated\">\n\t\t\t\t\t\t<div class=\"elementor-element elementor-element-54df0ed0 elementor-widget elementor-widget-image\" data-id=\"54df0ed0\" data-element_type=\"widget\" data-e-type=\"widget\" data-widget_type=\"image.default\">\n\t\t\t\t<div class=\"elementor-widget-container\">\n\t\t\t\t\t\t\t\t\t\t\t\t<figure class=\"wp-caption\">\n\t\t\t\t\t\t\t\t\t\t<img decoding=\"async\" src=\"https:\/\/andydegroat.org\/ccinp\/wp-content\/uploads\/elementor\/thumbs\/23-1983-Andy-Degroat-pa3w5gypumowonpvaushyd00nv9ls0f7c83ymz1nb4.jpg\" title=\"23-1983 Andy Degroat\" alt=\"23-1983 Andy Degroat\" loading=\"lazy\" \/>\t\t\t\t\t\t\t\t\t\t\t<figcaption class=\"widget-image-caption wp-caption-text\">\u00a9 Christiane Robin<\/figcaption>\n\t\t\t\t\t\t\t\t\t\t<\/figure>\n\t\t\t\t\t\t\t\t\t<\/div>\n\t\t\t\t<\/div>\n\t\t\t\t\t<\/div>\n\t\t<\/div>\n\t\t\t\t<div class=\"elementor-column elementor-col-50 elementor-inner-column elementor-element elementor-element-6233b8fa\" data-id=\"6233b8fa\" data-element_type=\"column\" data-e-type=\"column\">\n\t\t\t<div class=\"elementor-widget-wrap elementor-element-populated\">\n\t\t\t\t\t\t<div class=\"elementor-element elementor-element-d968528 elementor-align-left elementor-widget__width-initial elementor-widget elementor-widget-button\" data-id=\"d968528\" data-element_type=\"widget\" data-e-type=\"widget\" data-widget_type=\"button.default\">\n\t\t\t\t<div class=\"elementor-widget-container\">\n\t\t\t\t\t\t\t\t\t<div class=\"elementor-button-wrapper\">\n\t\t\t\t\t<a class=\"elementor-button elementor-button-link elementor-size-sm\" href=\"https:\/\/andydegroat.org\/ccinp\/biographies-de-lequipe\">\n\t\t\t\t\t\t<span class=\"elementor-button-content-wrapper\">\n\t\t\t\t\t\t\t\t\t<span class=\"elementor-button-text\">Bios de l'\u00e9quipe<\/span>\n\t\t\t\t\t<\/span>\n\t\t\t\t\t<\/a>\n\t\t\t\t<\/div>\n\t\t\t\t\t\t\t\t<\/div>\n\t\t\t\t<\/div>\n\t\t\t\t<div class=\"elementor-element elementor-element-24fc805 elementor-widget elementor-widget-text-editor\" data-id=\"24fc805\" data-element_type=\"widget\" data-e-type=\"widget\" data-widget_type=\"text-editor.default\">\n\t\t\t\t<div class=\"elementor-widget-container\">\n\t\t\t\t\t\t\t\t\t<p><span style=\"color: #ff0000;\"><strong><br \/><\/strong> <\/span><\/p><p><span style=\"color: #ff0000;\">\u00a0<\/span><\/p><p>\u00a0<\/p>\t\t\t\t\t\t\t\t<\/div>\n\t\t\t\t<\/div>\n\t\t\t\t<div class=\"elementor-element elementor-element-69ecd60 elementor-widget elementor-widget-text-editor\" data-id=\"69ecd60\" data-element_type=\"widget\" data-e-type=\"widget\" data-widget_type=\"text-editor.default\">\n\t\t\t\t<div class=\"elementor-widget-container\">\n\t\t\t\t\t\t\t\t\t<p><span style=\"color: #ff0000;\"><strong>Avril 2019,<br \/>le CCINP voit le jour, afin de\u00a0 mener \u00e0 bien les projets autour de l\u2019\u0153uvre d&rsquo;Andy de Groat,\u00a0 et faire conna\u00eetre, transmettre, et promouvoir son \u0153uvre.<\/strong> <\/span><\/p><p><span style=\"color: #ff0000;\">\u00a0<\/span><\/p>\t\t\t\t\t\t\t\t<\/div>\n\t\t\t\t<\/div>\n\t\t\t\t\t<\/div>\n\t\t<\/div>\n\t\t\t\t\t<\/div>\n\t\t<\/section>\n\t\t\t\t\t<\/div>\n\t\t<\/div>\n\t\t\t\t\t<\/div>\n\t\t<\/section>\n\t\t\t\t<section class=\"elementor-section elementor-top-section elementor-element elementor-element-486d4355 elementor-section-full_width elementor-section-height-default elementor-section-height-default\" data-id=\"486d4355\" data-element_type=\"section\" data-e-type=\"section\">\n\t\t\t\t\t\t<div class=\"elementor-container elementor-column-gap-default\">\n\t\t\t\t\t<div class=\"elementor-column elementor-col-33 elementor-top-column elementor-element elementor-element-4dcfc394\" data-id=\"4dcfc394\" data-element_type=\"column\" data-e-type=\"column\">\n\t\t\t<div class=\"elementor-widget-wrap elementor-element-populated\">\n\t\t\t\t\t\t<div class=\"elementor-element elementor-element-e8f0f08 elementor-widget elementor-widget-text-editor\" data-id=\"e8f0f08\" data-element_type=\"widget\" data-e-type=\"widget\" data-widget_type=\"text-editor.default\">\n\t\t\t\t<div class=\"elementor-widget-container\">\n\t\t\t\t\t\t\t\t\t<p style=\"text-align: right;\"><strong>Le CCINP \u2013 andy de groat c\u2019est :<\/strong><\/p><p style=\"text-align: right;\">un bureau compos\u00e9 de<br \/>Vivane Serry \u00e0 la pr\u00e9sidence<br \/>Isabelle Assi\u00e9 \u00e0 la vice pr\u00e9sidence <br \/>Camille Dandelot au secr\u00e9tariat<\/p><p style=\"text-align: right;\">deux pr\u00e9sidents d\u2019honneurs <br \/>Daniel Larrieu pour la France <br \/>Bob Wilson pour les \u00c9tats-Unis<\/p><p style=\"text-align: right;\">un coll\u00e8ge artistique compos\u00e9 de <br \/>St\u00e9phanie Bargues <br \/>Martin Barr\u00e9 (co-mandat\u00e9 par Andy)<br \/>Cathy Beziex<br \/>Dominique Brunet (co-mandat\u00e9e par Andy) <br \/>Lilou Magali Robert<\/p>\t\t\t\t\t\t\t\t<\/div>\n\t\t\t\t<\/div>\n\t\t\t\t<div class=\"elementor-element elementor-element-69907b3 elementor-align-right elementor-widget__width-initial elementor-widget elementor-widget-button\" data-id=\"69907b3\" data-element_type=\"widget\" data-e-type=\"widget\" data-widget_type=\"button.default\">\n\t\t\t\t<div class=\"elementor-widget-container\">\n\t\t\t\t\t\t\t\t\t<div class=\"elementor-button-wrapper\">\n\t\t\t\t\t<a class=\"elementor-button elementor-button-link elementor-size-sm\" href=\"https:\/\/andydegroat.org\/ccinp\/biographies-de-lequipe\">\n\t\t\t\t\t\t<span class=\"elementor-button-content-wrapper\">\n\t\t\t\t\t\t\t\t\t<span class=\"elementor-button-text\">Bios de l'\u00e9quipe<\/span>\n\t\t\t\t\t<\/span>\n\t\t\t\t\t<\/a>\n\t\t\t\t<\/div>\n\t\t\t\t\t\t\t\t<\/div>\n\t\t\t\t<\/div>\n\t\t\t\t\t<\/div>\n\t\t<\/div>\n\t\t\t\t<div class=\"elementor-column elementor-col-33 elementor-top-column elementor-element elementor-element-2ae73fdb\" data-id=\"2ae73fdb\" data-element_type=\"column\" data-e-type=\"column\">\n\t\t\t<div class=\"elementor-widget-wrap elementor-element-populated\">\n\t\t\t\t\t\t<div class=\"elementor-element elementor-element-1303123 elementor-widget elementor-widget-text-editor\" data-id=\"1303123\" data-element_type=\"widget\" data-e-type=\"widget\" data-widget_type=\"text-editor.default\">\n\t\t\t\t<div class=\"elementor-widget-container\">\n\t\t\t\t\t\t\t\t\t<p style=\"text-align: right;\"><strong> Beaucoup d\u2019amis, <\/strong><\/p>\t\t\t\t\t\t\t\t<\/div>\n\t\t\t\t<\/div>\n\t\t\t\t<div class=\"elementor-element elementor-element-bf16c14 elementor-widget elementor-widget-text-editor\" data-id=\"bf16c14\" data-element_type=\"widget\" data-e-type=\"widget\" data-widget_type=\"text-editor.default\">\n\t\t\t\t<div class=\"elementor-widget-container\">\n\t\t\t\t\t\t\t\t\t<p class=\"p1\">Kalpana<\/p><p class=\"p1\">\u00c9ric Fassa<\/p><p class=\"p1\">Ann Wilson<\/p><p class=\"p1\">Louis Gazet<\/p><p class=\"p1\">Shush Tenin<\/p><p class=\"p1\">Sara Lindon<\/p><p class=\"p1\">Cathy Beziex<\/p><p class=\"p1\">Satchie Noro<\/p><p class=\"p1\">Jean Guizerix<\/p><p class=\"p1\">Olivier Clarg\u00e9<\/p><p class=\"p1\">Rapha\u00ebl Cottin<\/p><p class=\"p1\">H\u00e9l\u00e8ne Delprat<\/p><p class=\"p1\">Marie Maubert<\/p><p class=\"p1\">Michelle Bernet<\/p><p class=\"p1\">Robyn Brentano<\/p>\t\t\t\t\t\t\t\t<\/div>\n\t\t\t\t<\/div>\n\t\t\t\t\t<\/div>\n\t\t<\/div>\n\t\t\t\t<div class=\"elementor-column elementor-col-33 elementor-top-column elementor-element elementor-element-44dcfd8f\" data-id=\"44dcfd8f\" data-element_type=\"column\" data-e-type=\"column\">\n\t\t\t<div class=\"elementor-widget-wrap elementor-element-populated\">\n\t\t\t\t\t\t<div class=\"elementor-element elementor-element-f73b929 elementor-widget elementor-widget-text-editor\" data-id=\"f73b929\" data-element_type=\"widget\" data-e-type=\"widget\" data-widget_type=\"text-editor.default\">\n\t\t\t\t<div class=\"elementor-widget-container\">\n\t\t\t\t\t\t\t\t\t<p><strong>de soutiens et d\u2019adh\u00e9rents :<\/strong><\/p>\t\t\t\t\t\t\t\t<\/div>\n\t\t\t\t<\/div>\n\t\t\t\t<div class=\"elementor-element elementor-element-70e097a elementor-widget elementor-widget-text-editor\" data-id=\"70e097a\" data-element_type=\"widget\" data-e-type=\"widget\" data-widget_type=\"text-editor.default\">\n\t\t\t\t<div class=\"elementor-widget-container\">\n\t\t\t\t\t\t\t\t\t<p class=\"p1\"><span style=\"color: #00ab55;\">\u00c9merentienne Dubourg<\/span><\/p><p class=\"p1\"><span style=\"color: #00ab55;\">Jean-Christophe Par\u00e9<\/span><\/p><p class=\"p1\"><span style=\"color: #00ab55;\">S\u00e9verine Bennevault<\/span><\/p><p class=\"p1\"><span style=\"color: #00ab55;\">Fr\u00e9d\u00e9ric Nauczyciel<\/span><\/p><p class=\"p1\"><span style=\"color: #00ab55;\">St\u00e9phanie Cabanes<\/span><\/p><p class=\"p1\"><span style=\"color: #00ab55;\">William Niederkorn<\/span><\/p><p class=\"p1\"><span style=\"color: #00ab55;\">Catherine Galasso<\/span><\/p><p><span style=\"color: #00ab55;\">Laurent S\u00e9billotte<\/span><\/p><p class=\"p1\"><span style=\"color: #00ab55;\">Dominique Artous<\/span><\/p><p><span style=\"color: #00ab55;\">Camille Ollagnier<\/span><\/p><p class=\"p1\"><span style=\"color: #00ab55;\">Michael O\u2019Rourke<\/span><\/p><p class=\"p1\"><span style=\"color: #00ab55;\">Makram Hamdan<\/span><\/p><p class=\"p1\"><span style=\"color: #00ab55;\">Ga\u00e9tan Leudi\u00e8re<\/span><\/p><p class=\"p1\"><span style=\"color: #00ab55;\">Martin Juvanon<\/span><\/p><p class=\"p1\"><span style=\"color: #00ab55;\">Rebecca Adam<\/span><\/p>\t\t\t\t\t\t\t\t<\/div>\n\t\t\t\t<\/div>\n\t\t\t\t\t<\/div>\n\t\t<\/div>\n\t\t\t\t\t<\/div>\n\t\t<\/section>\n\t\t\t\t<section class=\"elementor-section elementor-top-section elementor-element elementor-element-3c231cb7 elementor-section-full_width elementor-section-height-default elementor-section-height-default\" data-id=\"3c231cb7\" data-element_type=\"section\" data-e-type=\"section\">\n\t\t\t\t\t\t<div class=\"elementor-container elementor-column-gap-default\">\n\t\t\t\t\t\t<\/div>\n\t\t<\/section>\n\t\t\t\t<section class=\"elementor-section elementor-top-section elementor-element elementor-element-24e20ce elementor-section-boxed elementor-section-height-default elementor-section-height-default\" data-id=\"24e20ce\" data-element_type=\"section\" data-e-type=\"section\">\n\t\t\t\t\t\t<div class=\"elementor-container elementor-column-gap-default\">\n\t\t\t\t\t<div class=\"elementor-column elementor-col-100 elementor-top-column elementor-element elementor-element-bbf163c\" data-id=\"bbf163c\" data-element_type=\"column\" data-e-type=\"column\">\n\t\t\t<div class=\"elementor-widget-wrap elementor-element-populated\">\n\t\t\t\t\t\t<div class=\"elementor-element elementor-element-284061c elementor-widget elementor-widget-text-editor\" data-id=\"284061c\" data-element_type=\"widget\" data-e-type=\"widget\" data-widget_type=\"text-editor.default\">\n\t\t\t\t<div class=\"elementor-widget-container\">\n\t\t\t\t\t\t\t\t\t<p><strong>En adh\u00e9rant, vous participez \u00e0 la vie de l&rsquo;association et \u00e0 l&rsquo;\u00e9mergence des projets : p\u00e9dagogie, transmissions, performances, notation, hommages\u2026 Merci.<\/strong><\/p>\t\t\t\t\t\t\t\t<\/div>\n\t\t\t\t<\/div>\n\t\t\t\t\t<\/div>\n\t\t<\/div>\n\t\t\t\t\t<\/div>\n\t\t<\/section>\n\t\t\t\t<section class=\"elementor-section elementor-top-section elementor-element elementor-element-b257b10 elementor-section-boxed elementor-section-height-default elementor-section-height-default\" data-id=\"b257b10\" data-element_type=\"section\" data-e-type=\"section\">\n\t\t\t\t\t\t<div class=\"elementor-container elementor-column-gap-default\">\n\t\t\t\t\t<div class=\"elementor-column elementor-col-100 elementor-top-column elementor-element elementor-element-e4d008d\" data-id=\"e4d008d\" data-element_type=\"column\" data-e-type=\"column\">\n\t\t\t<div class=\"elementor-widget-wrap elementor-element-populated\">\n\t\t\t\t\t\t<div class=\"elementor-element elementor-element-3f16e1a elementor-align-center elementor-widget elementor-widget-button\" data-id=\"3f16e1a\" data-element_type=\"widget\" data-e-type=\"widget\" data-widget_type=\"button.default\">\n\t\t\t\t<div class=\"elementor-widget-container\">\n\t\t\t\t\t\t\t\t\t<div class=\"elementor-button-wrapper\">\n\t\t\t\t\t<a class=\"elementor-button elementor-button-link elementor-size-sm\" href=\"https:\/\/andydegroat.org\/ccinp\/pourquoi-le-c-c-i-n-p-andy-de-groat\/\">\n\t\t\t\t\t\t<span class=\"elementor-button-content-wrapper\">\n\t\t\t\t\t\t\t\t\t<span class=\"elementor-button-text\">Retour <\/span>\n\t\t\t\t\t<\/span>\n\t\t\t\t\t<\/a>\n\t\t\t\t<\/div>\n\t\t\t\t\t\t\t\t<\/div>\n\t\t\t\t<\/div>\n\t\t\t\t\t<\/div>\n\t\t<\/div>\n\t\t\t\t\t<\/div>\n\t\t<\/section>\n\t\t\t\t<\/div>\n\t\t","protected":false},"excerpt":{"rendered":"<p>\u00e9quipe \u00a9 Christiane Robin Bios de l&rsquo;\u00e9quipe \u00a0 \u00a0 Avril 2019,le CCINP voit le jour, afin de\u00a0 mener \u00e0 bien les projets autour de l\u2019\u0153uvre d&rsquo;Andy de Groat,\u00a0 et faire [&hellip;]<\/p>\n","protected":false},"author":1,"featured_media":0,"parent":0,"menu_order":0,"comment_status":"closed","ping_status":"closed","template":"","meta":{"_uag_custom_page_level_css":"","_monsterinsights_skip_tracking":false,"_monsterinsights_sitenote_active":false,"_monsterinsights_sitenote_note":"","_monsterinsights_sitenote_category":0,"site-sidebar-layout":"no-sidebar","site-content-layout":"page-builder","ast-site-content-layout":"default","site-content-style":"default","site-sidebar-style":"default","ast-global-header-display":"","ast-banner-title-visibility":"","ast-main-header-display":"","ast-hfb-above-header-display":"","ast-hfb-below-header-display":"","ast-hfb-mobile-header-display":"","site-post-title":"disabled","ast-breadcrumbs-content":"","ast-featured-img":"disabled","footer-sml-layout":"","ast-disable-related-posts":"","theme-transparent-header-meta":"","adv-header-id-meta":"","stick-header-meta":"","header-above-stick-meta":"","header-main-stick-meta":"","header-below-stick-meta":"","astra-migrate-meta-layouts":"default","ast-page-background-enabled":"default","ast-page-background-meta":{"desktop":{"background-color":"var(--ast-global-color-4)","background-image":"","background-repeat":"repeat","background-position":"center center","background-size":"auto","background-attachment":"scroll","background-type":"","background-media":"","overlay-type":"","overlay-color":"","overlay-opacity":"","overlay-gradient":""},"tablet":{"background-color":"","background-image":"","background-repeat":"repeat","background-position":"center center","background-size":"auto","background-attachment":"scroll","background-type":"","background-media":"","overlay-type":"","overlay-color":"","overlay-opacity":"","overlay-gradient":""},"mobile":{"background-color":"","background-image":"","background-repeat":"repeat","background-position":"center center","background-size":"auto","background-attachment":"scroll","background-type":"","background-media":"","overlay-type":"","overlay-color":"","overlay-opacity":"","overlay-gradient":""}},"ast-content-background-meta":{"desktop":{"background-color":"var(--ast-global-color-5)","background-image":"","background-repeat":"repeat","background-position":"center center","background-size":"auto","background-attachment":"scroll","background-type":"","background-media":"","overlay-type":"","overlay-color":"","overlay-opacity":"","overlay-gradient":""},"tablet":{"background-color":"var(--ast-global-color-5)","background-image":"","background-repeat":"repeat","background-position":"center center","background-size":"auto","background-attachment":"scroll","background-type":"","background-media":"","overlay-type":"","overlay-color":"","overlay-opacity":"","overlay-gradient":""},"mobile":{"background-color":"var(--ast-global-color-5)","background-image":"","background-repeat":"repeat","background-position":"center center","background-size":"auto","background-attachment":"scroll","background-type":"","background-media":"","overlay-type":"","overlay-color":"","overlay-opacity":"","overlay-gradient":""}},"footnotes":""},"class_list":["post-2379","page","type-page","status-publish","hentry"],"uagb_featured_image_src":{"full":false,"thumbnail":false,"medium":false,"medium_large":false,"large":false,"1536x1536":false,"2048x2048":false},"uagb_author_info":{"display_name":"admin","author_link":"https:\/\/andydegroat.org\/ccinp\/author\/admin\/"},"uagb_comment_info":0,"uagb_excerpt":"\u00e9quipe \u00a9 Christiane Robin Bios de l&rsquo;\u00e9quipe \u00a0 \u00a0 Avril 2019,le CCINP voit le jour, afin de\u00a0 mener \u00e0 bien les projets autour de l\u2019\u0153uvre d&rsquo;Andy de Groat,\u00a0 et faire [&hellip;]","_links":{"self":[{"href":"https:\/\/andydegroat.org\/ccinp\/wp-json\/wp\/v2\/pages\/2379","targetHints":{"allow":["GET"]}}],"collection":[{"href":"https:\/\/andydegroat.org\/ccinp\/wp-json\/wp\/v2\/pages"}],"about":[{"href":"https:\/\/andydegroat.org\/ccinp\/wp-json\/wp\/v2\/types\/page"}],"author":[{"embeddable":true,"href":"https:\/\/andydegroat.org\/ccinp\/wp-json\/wp\/v2\/users\/1"}],"replies":[{"embeddable":true,"href":"https:\/\/andydegroat.org\/ccinp\/wp-json\/wp\/v2\/comments?post=2379"}],"version-history":[{"count":121,"href":"https:\/\/andydegroat.org\/ccinp\/wp-json\/wp\/v2\/pages\/2379\/revisions"}],"predecessor-version":[{"id":4634,"href":"https:\/\/andydegroat.org\/ccinp\/wp-json\/wp\/v2\/pages\/2379\/revisions\/4634"}],"wp:attachment":[{"href":"https:\/\/andydegroat.org\/ccinp\/wp-json\/wp\/v2\/media?parent=2379"}],"curies":[{"name":"wp","href":"https:\/\/api.w.org\/{rel}","templated":true}]}}